{"id":14685,"date":"2024-09-04T00:00:29","date_gmt":"2024-09-03T22:00:29","guid":{"rendered":"https:\/\/vorlage.bi.glpch2.dev\/agenda\/"},"modified":"2025-01-13T15:40:19","modified_gmt":"2025-01-13T14:40:19","slug":"agenda","status":"publish","type":"page","link":"https:\/\/vorlage.bi.glpch2.dev\/fr\/agenda\/","title":{"rendered":"Agenda"},"content":{"rendered":"\t\t<div data-elementor-type=\"wp-page\" data-elementor-id=\"14685\" class=\"elementor elementor-14685 elementor-13478\" data-elementor-post-type=\"page\">\n\t\t\t\t<div class=\"elementor-element elementor-element-658ef0c2 e-con-full e-flex e-con e-parent\" data-id=\"658ef0c2\" data-element_type=\"container\" data-e-type=\"container\">\n\t\t<div class=\"elementor-element elementor-element-27362314 e-con-full e-flex e-con e-child\" data-id=\"27362314\" data-element_type=\"container\" data-e-type=\"container\" data-settings=\"{&quot;background_background&quot;:&quot;classic&quot;}\">\n\t\t\t\t<\/div>\n\t\t<div class=\"elementor-element elementor-element-79352e3 e-flex e-con-boxed e-con e-child\" data-id=\"79352e3\" data-element_type=\"container\" data-e-type=\"container\">\n\t\t\t\t\t<div class=\"e-con-inner\">\n\t\t<div class=\"elementor-element elementor-element-3ca1927f e-flex e-con-boxed e-con e-child\" data-id=\"3ca1927f\" data-element_type=\"container\" data-e-type=\"container\">\n\t\t\t\t\t<div class=\"e-con-inner\">\n\t\t\t\t<div class=\"elementor-element elementor-element-472437ef elementor-widget elementor-widget-jet-breadcrumbs\" data-id=\"472437ef\" data-element_type=\"widget\" data-e-type=\"widget\" data-widget_type=\"jet-breadcrumbs.default\">\n\t\t\t\t<div class=\"elementor-widget-container\">\n\t\t\t\t\t<div class=\"elementor-jet-breadcrumbs jet-blocks\">\n\t\t<div class=\"jet-breadcrumbs\">\n\t\t<div class=\"jet-breadcrumbs__content\">\n\t\t<div class=\"jet-breadcrumbs__wrap\"><div class=\"jet-breadcrumbs__item\"><a href=\"https:\/\/vorlage.bi.glpch2.dev\/fr\/\" class=\"jet-breadcrumbs__item-link is-home\" rel=\"home\" title=\"\">  <\/a><\/div>\n\t\t<\/div>\n\t\t<\/div>\n\t\t<\/div><\/div>\t\t\t\t<\/div>\n\t\t\t\t<\/div>\n\t\t\t\t\t<\/div>\n\t\t\t\t<\/div>\n\t\t<div class=\"elementor-element elementor-element-72df8302 e-con-full e-flex e-con e-child\" data-id=\"72df8302\" data-element_type=\"container\" data-e-type=\"container\">\n\t\t<div class=\"elementor-element elementor-element-4bdf33c3 e-con-full e-flex e-con e-child\" data-id=\"4bdf33c3\" data-element_type=\"container\" data-e-type=\"container\">\n\t\t\t\t<div class=\"elementor-element elementor-element-1d6d83bb elementor-widget elementor-widget-heading\" data-id=\"1d6d83bb\" data-element_type=\"widget\" data-e-type=\"widget\" data-widget_type=\"heading.default\">\n\t\t\t\t<div class=\"elementor-widget-container\">\n\t\t\t\t\t<h2 class=\"elementor-heading-title elementor-size-default\">Agenda<\/h2>\t\t\t\t<\/div>\n\t\t\t\t<\/div>\n\t\t\t\t<\/div>\n\t\t<div class=\"elementor-element elementor-element-45c778ff e-con-full e-flex e-con e-child\" data-id=\"45c778ff\" data-element_type=\"container\" data-e-type=\"container\">\n\t\t\t\t<div class=\"elementor-element elementor-element-7da555a elementor-widget elementor-widget-etn-upcoming-expire-tab\" data-id=\"7da555a\" data-element_type=\"widget\" data-e-type=\"widget\" data-widget_type=\"etn-upcoming-expire-tab.default\">\n\t\t\t\t<div class=\"elementor-widget-container\">\n\t\t\t\t\t<!-- schedule tab start -->\n<div class=\"event-tab-wrapper etn-tab-wrapper event-tab-1\">\n\t<ul class='etn-nav'>\n\t\t\t\t\t\t\t\t<li>\n\t\t\t\t\t\t\t\t<a href='#' class='etn-tab-a etn-active' data-id='tab7da555a-1'>\n\t\t\t\t\t\t\t\t\t\tTous les\t\t\t\t\t\t\t\t<\/a>\n\t\t\t\t\t\t<\/li>\n\t\t\t\t\t\t\t\t\t\t\t\t<li>\n\t\t\t\t\t\t\t\t<a href='#' class='etn-tab-a ' data-id='tab7da555a-2'>\n\t\t\t\t\t\t\t\t\t\tAssembl\u00e9e g\u00e9n\u00e9rale\t\t\t\t\t\t\t\t<\/a>\n\t\t\t\t\t\t<\/li>\n\t\t\t\t\t\t\t\t\t\t\t\t<li>\n\t\t\t\t\t\t\t\t<a href='#' class='etn-tab-a ' data-id='tab7da555a-3'>\n\t\t\t\t\t\t\t\t\t\tParti local 1\t\t\t\t\t\t\t\t<\/a>\n\t\t\t\t\t\t<\/li>\n\t\t\t\t\t\t\t\t\t\t\t\t<li>\n\t\t\t\t\t\t\t\t<a href='#' class='etn-tab-a ' data-id='tab7da555a-4'>\n\t\t\t\t\t\t\t\t\t\tParti local 2\t\t\t\t\t\t\t\t<\/a>\n\t\t\t\t\t\t<\/li>\n\t\t\t\t\t\t\t<\/ul>\n\n\t<div class='etn-tab-content clearfix etn-schedule-wrap'>\n\t\t\t\t\t\t\t<div class=\"etn-tab tab-active\" data-id='tab7da555a-1'>\n\t\t\t\t\t\t\t<div class='etn-row etn-event-wrapper'>\n        <div class=\"etn-col-md-6 etn-col-lg-6\">\n        <div class=\"etn-event-item\">\n            <!-- thumbnail -->\n            <div class=\"etn-event-thumb\">\n                                    <a\n                        href=\"https:\/\/vorlage.bi.glpch2.dev\/fr\/etn\/assemblee-generale\/\"\n                        aria-label=\"Agenda\"\n                    >\n                        <img decoding=\"async\" data-src=\"https:\/\/bi.glpch2.dev\/wp-content\/uploads\/sites\/2\/2024\/09\/Abstimmen-1.webp\" alt=\"Image\" src=\"data:image\/svg+xml;base64,PHN2ZyB3aWR0aD0iMSIgaGVpZ2h0PSIxIiB4bWxucz0iaHR0cDovL3d3dy53My5vcmcvMjAwMC9zdmciPjwvc3ZnPg==\" class=\"lazyload\">\n                    <\/a>\n                \n                <div class=\"etn-event-category\">\n                    <span>Assembl\u00e9e g\u00e9n\u00e9rale<\/span> <span>Parti local 1<\/span>                 <\/div>\n                            <\/div>\n            <!-- thumbnail start-->\n\n            <!-- content start-->\n            <div class=\"etn-event-content\">\n                                                            <div class=\"etn-event-location\">\n                            <i class=\"etn-icon etn-location\"><\/i>\n                            Maison communale                        <\/div>\n                    \n                \n                <h3 class=\"etn-title etn-event-title\"><a href=\"https:\/\/vorlage.bi.glpch2.dev\/fr\/etn\/assemblee-generale\/\">\n                    Assembl\u00e9e g\u00e9n\u00e9rale<\/a>\n                <\/h3>\n                                    <p>\n                                            <\/p>\n                \n                <div class=\"etn-event-footer\">\n                    <div class=\"etn-event-date\">\n                        \t\t\t<span>\n\t\t\t\t<i class=\"etn-icon etn-calendar\"><\/i>\n\t\t\t\t14 juin 2029\t\t\t<\/span>\n\t\t                    <\/div>\n                    <div class=\"etn-atend-btn\">\n                                                <a href=\"https:\/\/vorlage.bi.glpch2.dev\/fr\/etn\/assemblee-generale\/\" class=\"etn-btn etn-btn-border\"\n                            title=\"Assembl\u00e9e g\u00e9n\u00e9rale\">Attend                            <i class=\"etn-icon etm-arrow-right\"><\/i><\/a>\n                                            <\/div>\n                <\/div>\n            <\/div>\n                        <!-- content end-->\n        <\/div>\n        <!-- etn event item end-->\n    <\/div>\n    <\/div>\n\n\t\t\t\t\t<\/div>\n\n\t\t\t\t\t\t\t\t<div class=\"etn-tab \" data-id='tab7da555a-2'>\n\t\t\t\t\t\t\t<div class='etn-row etn-event-wrapper'>\n        <div class=\"etn-col-md-6 etn-col-lg-6\">\n        <div class=\"etn-event-item\">\n            <!-- thumbnail -->\n            <div class=\"etn-event-thumb\">\n                                    <a\n                        href=\"https:\/\/vorlage.bi.glpch2.dev\/fr\/etn\/assemblee-generale\/\"\n                        aria-label=\"Agenda\"\n                    >\n                        <img decoding=\"async\" data-src=\"https:\/\/bi.glpch2.dev\/wp-content\/uploads\/sites\/2\/2024\/09\/Abstimmen-1.webp\" alt=\"Image\" src=\"data:image\/svg+xml;base64,PHN2ZyB3aWR0aD0iMSIgaGVpZ2h0PSIxIiB4bWxucz0iaHR0cDovL3d3dy53My5vcmcvMjAwMC9zdmciPjwvc3ZnPg==\" class=\"lazyload\">\n                    <\/a>\n                \n                <div class=\"etn-event-category\">\n                    <span>Assembl\u00e9e g\u00e9n\u00e9rale<\/span> <span>Parti local 1<\/span>                 <\/div>\n                            <\/div>\n            <!-- thumbnail start-->\n\n            <!-- content start-->\n            <div class=\"etn-event-content\">\n                                                            <div class=\"etn-event-location\">\n                            <i class=\"etn-icon etn-location\"><\/i>\n                            Maison communale                        <\/div>\n                    \n                \n                <h3 class=\"etn-title etn-event-title\"><a href=\"https:\/\/vorlage.bi.glpch2.dev\/fr\/etn\/assemblee-generale\/\">\n                    Assembl\u00e9e g\u00e9n\u00e9rale<\/a>\n                <\/h3>\n                                    <p>\n                                            <\/p>\n                \n                <div class=\"etn-event-footer\">\n                    <div class=\"etn-event-date\">\n                        \t\t\t<span>\n\t\t\t\t<i class=\"etn-icon etn-calendar\"><\/i>\n\t\t\t\t14 juin 2029\t\t\t<\/span>\n\t\t                    <\/div>\n                    <div class=\"etn-atend-btn\">\n                                                <a href=\"https:\/\/vorlage.bi.glpch2.dev\/fr\/etn\/assemblee-generale\/\" class=\"etn-btn etn-btn-border\"\n                            title=\"Assembl\u00e9e g\u00e9n\u00e9rale\">Attend                            <i class=\"etn-icon etm-arrow-right\"><\/i><\/a>\n                                            <\/div>\n                <\/div>\n            <\/div>\n                        <!-- content end-->\n        <\/div>\n        <!-- etn event item end-->\n    <\/div>\n    <\/div>\n\n\t\t\t\t\t<\/div>\n\n\t\t\t\t\t\t\t\t<div class=\"etn-tab \" data-id='tab7da555a-3'>\n\t\t\t\t\t\t\t<div class='etn-row etn-event-wrapper'>\n        <div class=\"etn-col-md-6 etn-col-lg-6\">\n        <div class=\"etn-event-item\">\n            <!-- thumbnail -->\n            <div class=\"etn-event-thumb\">\n                                    <a\n                        href=\"https:\/\/vorlage.bi.glpch2.dev\/fr\/etn\/assemblee-generale\/\"\n                        aria-label=\"Agenda\"\n                    >\n                        <img decoding=\"async\" data-src=\"https:\/\/bi.glpch2.dev\/wp-content\/uploads\/sites\/2\/2024\/09\/Abstimmen-1.webp\" alt=\"Image\" src=\"data:image\/svg+xml;base64,PHN2ZyB3aWR0aD0iMSIgaGVpZ2h0PSIxIiB4bWxucz0iaHR0cDovL3d3dy53My5vcmcvMjAwMC9zdmciPjwvc3ZnPg==\" class=\"lazyload\">\n                    <\/a>\n                \n                <div class=\"etn-event-category\">\n                    <span>Assembl\u00e9e g\u00e9n\u00e9rale<\/span> <span>Parti local 1<\/span>                 <\/div>\n                            <\/div>\n            <!-- thumbnail start-->\n\n            <!-- content start-->\n            <div class=\"etn-event-content\">\n                                                            <div class=\"etn-event-location\">\n                            <i class=\"etn-icon etn-location\"><\/i>\n                            Maison communale                        <\/div>\n                    \n                \n                <h3 class=\"etn-title etn-event-title\"><a href=\"https:\/\/vorlage.bi.glpch2.dev\/fr\/etn\/assemblee-generale\/\">\n                    Assembl\u00e9e g\u00e9n\u00e9rale<\/a>\n                <\/h3>\n                                    <p>\n                                            <\/p>\n                \n                <div class=\"etn-event-footer\">\n                    <div class=\"etn-event-date\">\n                        \t\t\t<span>\n\t\t\t\t<i class=\"etn-icon etn-calendar\"><\/i>\n\t\t\t\t14 juin 2029\t\t\t<\/span>\n\t\t                    <\/div>\n                    <div class=\"etn-atend-btn\">\n                                                <a href=\"https:\/\/vorlage.bi.glpch2.dev\/fr\/etn\/assemblee-generale\/\" class=\"etn-btn etn-btn-border\"\n                            title=\"Assembl\u00e9e g\u00e9n\u00e9rale\">Attend                            <i class=\"etn-icon etm-arrow-right\"><\/i><\/a>\n                                            <\/div>\n                <\/div>\n            <\/div>\n                        <!-- content end-->\n        <\/div>\n        <!-- etn event item end-->\n    <\/div>\n    <\/div>\n\n\t\t\t\t\t<\/div>\n\n\t\t\t\t\t\t\t\t<div class=\"etn-tab \" data-id='tab7da555a-4'>\n\t\t\t\t\t\t\t<div class='etn-row etn-event-wrapper'>\n        <div class=\"etn-col-md-6 etn-col-lg-6\">\n        <div class=\"etn-event-item\">\n            <!-- thumbnail -->\n            <div class=\"etn-event-thumb\">\n                                    <a\n                        href=\"https:\/\/vorlage.bi.glpch2.dev\/fr\/etn\/assemblee-generale\/\"\n                        aria-label=\"Agenda\"\n                    >\n                        <img decoding=\"async\" data-src=\"https:\/\/bi.glpch2.dev\/wp-content\/uploads\/sites\/2\/2024\/09\/Abstimmen-1.webp\" alt=\"Image\" src=\"data:image\/svg+xml;base64,PHN2ZyB3aWR0aD0iMSIgaGVpZ2h0PSIxIiB4bWxucz0iaHR0cDovL3d3dy53My5vcmcvMjAwMC9zdmciPjwvc3ZnPg==\" class=\"lazyload\">\n                    <\/a>\n                \n                <div class=\"etn-event-category\">\n                    <span>Assembl\u00e9e g\u00e9n\u00e9rale<\/span> <span>Parti local 1<\/span>                 <\/div>\n                            <\/div>\n            <!-- thumbnail start-->\n\n            <!-- content start-->\n            <div class=\"etn-event-content\">\n                                                            <div class=\"etn-event-location\">\n                            <i class=\"etn-icon etn-location\"><\/i>\n                            Maison communale                        <\/div>\n                    \n                \n                <h3 class=\"etn-title etn-event-title\"><a href=\"https:\/\/vorlage.bi.glpch2.dev\/fr\/etn\/assemblee-generale\/\">\n                    Assembl\u00e9e g\u00e9n\u00e9rale<\/a>\n                <\/h3>\n                                    <p>\n                                            <\/p>\n                \n                <div class=\"etn-event-footer\">\n                    <div class=\"etn-event-date\">\n                        \t\t\t<span>\n\t\t\t\t<i class=\"etn-icon etn-calendar\"><\/i>\n\t\t\t\t14 juin 2029\t\t\t<\/span>\n\t\t                    <\/div>\n                    <div class=\"etn-atend-btn\">\n                                                <a href=\"https:\/\/vorlage.bi.glpch2.dev\/fr\/etn\/assemblee-generale\/\" class=\"etn-btn etn-btn-border\"\n                            title=\"Assembl\u00e9e g\u00e9n\u00e9rale\">Attend                            <i class=\"etn-icon etm-arrow-right\"><\/i><\/a>\n                                            <\/div>\n                <\/div>\n            <\/div>\n                        <!-- content end-->\n        <\/div>\n        <!-- etn event item end-->\n    <\/div>\n    <\/div>\n\n\t\t\t\t\t<\/div>\n\n\t\t\t\t<\/div>\n<\/div>\t\t\t\t<\/div>\n\t\t\t\t<\/div>\n\t\t\t\t<\/div>\n\t\t\t\t<\/div>\n\t\t\t\t\t<\/div>\n\t\t\t\t<\/div>\n\t\t\t\t<\/div>\n\t\t\t\t<\/div>\n\t\t","protected":false},"excerpt":{"rendered":"<p>Agenda Tous les Assembl\u00e9e g\u00e9n\u00e9rale Parti local 1 Parti local 2 No Post Found No Post Found No Post Found No Post Found<\/p>\n","protected":false},"author":1,"featured_media":0,"parent":0,"menu_order":0,"comment_status":"closed","ping_status":"closed","template":"","meta":{"footnotes":""},"class_list":["post-14685","page","type-page","status-publish","hentry"],"_links":{"self":[{"href":"https:\/\/vorlage.bi.glpch2.dev\/fr\/wp-json\/wp\/v2\/pages\/14685","targetHints":{"allow":["GET"]}}],"collection":[{"href":"https:\/\/vorlage.bi.glpch2.dev\/fr\/wp-json\/wp\/v2\/pages"}],"about":[{"href":"https:\/\/vorlage.bi.glpch2.dev\/fr\/wp-json\/wp\/v2\/types\/page"}],"author":[{"embeddable":true,"href":"https:\/\/vorlage.bi.glpch2.dev\/fr\/wp-json\/wp\/v2\/users\/1"}],"replies":[{"embeddable":true,"href":"https:\/\/vorlage.bi.glpch2.dev\/fr\/wp-json\/wp\/v2\/comments?post=14685"}],"version-history":[{"count":0,"href":"https:\/\/vorlage.bi.glpch2.dev\/fr\/wp-json\/wp\/v2\/pages\/14685\/revisions"}],"wp:attachment":[{"href":"https:\/\/vorlage.bi.glpch2.dev\/fr\/wp-json\/wp\/v2\/media?parent=14685"}],"curies":[{"name":"wp","href":"https:\/\/api.w.org\/{rel}","templated":true}]}}