{"id":14691,"date":"2024-05-24T09:12:44","date_gmt":"2024-05-24T07:12:44","guid":{"rendered":"https:\/\/vorlage.bi.glpch2.dev\/actualites-newsletter\/"},"modified":"2025-01-22T11:11:17","modified_gmt":"2025-01-22T10:11:17","slug":"actualites-newsletter","status":"publish","type":"page","link":"https:\/\/vorlage.bi.glpch2.dev\/fr\/actualitees\/actualites-newsletter\/","title":{"rendered":"Newsletter"},"content":{"rendered":"\t\t<div data-elementor-type=\"wp-page\" data-elementor-id=\"14691\" class=\"elementor elementor-14691 elementor-788\" data-elementor-post-type=\"page\">\n\t\t\t\t<div class=\"elementor-element elementor-element-3b6f2ff2 e-con-full e-flex e-con e-parent\" data-id=\"3b6f2ff2\" data-element_type=\"container\" data-e-type=\"container\">\n\t\t<div class=\"elementor-element elementor-element-0cfa947 e-con-full e-flex e-con e-child\" data-id=\"0cfa947\" data-element_type=\"container\" data-e-type=\"container\" data-settings=\"{&quot;background_background&quot;:&quot;classic&quot;}\">\n\t\t\t\t<\/div>\n\t\t<div class=\"elementor-element elementor-element-7feb02a e-flex e-con-boxed e-con e-child\" data-id=\"7feb02a\" data-element_type=\"container\" data-e-type=\"container\">\n\t\t\t\t\t<div class=\"e-con-inner\">\n\t\t<div class=\"elementor-element elementor-element-18ee0a77 e-flex e-con-boxed e-con e-child\" data-id=\"18ee0a77\" data-element_type=\"container\" data-e-type=\"container\">\n\t\t\t\t\t<div class=\"e-con-inner\">\n\t\t\t\t<div class=\"elementor-element elementor-element-1fbcaa70 elementor-widget elementor-widget-jet-breadcrumbs\" data-id=\"1fbcaa70\" data-element_type=\"widget\" data-e-type=\"widget\" data-widget_type=\"jet-breadcrumbs.default\">\n\t\t\t\t<div class=\"elementor-widget-container\">\n\t\t\t\t\t<div class=\"elementor-jet-breadcrumbs jet-blocks\">\n\t\t<div class=\"jet-breadcrumbs\">\n\t\t<div class=\"jet-breadcrumbs__content\">\n\t\t<div class=\"jet-breadcrumbs__wrap\"><div class=\"jet-breadcrumbs__item\"><a href=\"https:\/\/vorlage.bi.glpch2.dev\/fr\/\" class=\"jet-breadcrumbs__item-link is-home\" rel=\"home\" title=\"\">  <\/a><\/div>\n\t\t<\/div>\n\t\t<\/div>\n\t\t<\/div><\/div>\t\t\t\t<\/div>\n\t\t\t\t<\/div>\n\t\t\t\t\t<\/div>\n\t\t\t\t<\/div>\n\t\t<div class=\"elementor-element elementor-element-1629fc89 e-con-full e-flex e-con e-child\" data-id=\"1629fc89\" data-element_type=\"container\" data-e-type=\"container\">\n\t\t<div class=\"elementor-element elementor-element-6f391900 e-con-full e-flex e-con e-child\" data-id=\"6f391900\" data-element_type=\"container\" data-e-type=\"container\">\n\t\t\t\t<div class=\"elementor-element elementor-element-512203a2 elementor-widget elementor-widget-heading\" data-id=\"512203a2\" data-element_type=\"widget\" data-e-type=\"widget\" data-widget_type=\"heading.default\">\n\t\t\t\t<div class=\"elementor-widget-container\">\n\t\t\t\t\t<h2 class=\"elementor-heading-title elementor-size-default\">Actualit\u00e9s<\/h2>\t\t\t\t<\/div>\n\t\t\t\t<\/div>\n\t\t\t\t<\/div>\n\t\t<div class=\"elementor-element elementor-element-3fd0fb4e e-con-full e-flex e-con e-child\" data-id=\"3fd0fb4e\" data-element_type=\"container\" data-e-type=\"container\">\n\t\t\t\t<div class=\"elementor-element elementor-element-54a07d82 elementor-widget elementor-widget-heading\" data-id=\"54a07d82\" data-element_type=\"widget\" data-e-type=\"widget\" data-widget_type=\"heading.default\">\n\t\t\t\t<div class=\"elementor-widget-container\">\n\t\t\t\t\t<h1 class=\"elementor-heading-title elementor-size-default\">S\u2019abonner \u00e0 nos nouvelles \u2013 devenez sympathisant\u00b7e<\/h1>\t\t\t\t<\/div>\n\t\t\t\t<\/div>\n\t\t\t\t<div class=\"elementor-element elementor-element-8b0bd05 elementor-widget elementor-widget-spacer\" data-id=\"8b0bd05\" data-element_type=\"widget\" data-e-type=\"widget\" data-widget_type=\"spacer.default\">\n\t\t\t\t<div class=\"elementor-widget-container\">\n\t\t\t\t\t\t\t<div class=\"elementor-spacer\">\n\t\t\t<div class=\"elementor-spacer-inner\"><\/div>\n\t\t<\/div>\n\t\t\t\t\t\t<\/div>\n\t\t\t\t<\/div>\n\t\t\t\t<div class=\"elementor-element elementor-element-6aff0c55 elementor-widget elementor-widget-text-editor\" data-id=\"6aff0c55\" data-element_type=\"widget\" data-e-type=\"widget\" data-widget_type=\"text-editor.default\">\n\t\t\t\t<div class=\"elementor-widget-container\">\n\t\t\t\t\t\t\t\t\t<p style=\"font-weight: 400;\">Recevez nos nouvelles et les informations les plus importantes sur les d\u00e9veloppements vert&rsquo;lib\u00e9raux au niveau national, cantonal et local. Nous nous r\u00e9jouissons de pouvoir vous informer avec retenue mais de premi\u00e8re main. En remplissant le formulaire, vous acceptez notre <a href=\"https:\/\/glpdf.pr24.dev\/fr\/protection-des-donnees\/\"><strong>d\u00e9claration de protection<\/strong><\/a> des donn\u00e9es (en vous inscrivant, vous serez \u00e9galement enregistr\u00e9 par d\u00e9faut en tant que sympathisant\u00b7e. Si vous ne souhaitez pas recevoir ces informations mais seulement les nouvelles, par exemple en tant que repr\u00e9sentant\u00b7e des m\u00e9dias ou d&rsquo;une association, veuillez nous contacter \u00e0 l&rsquo;adresse \u00e9lectronique <a href=\"mailto:suisse@vertliberaux.ch\">suisse@vertliberaux.ch<\/a>).<\/p>\r\n&nbsp;\r\n<p style=\"font-weight: 400;\">Si votre domicile se trouve \u00e0 l&rsquo;\u00e9tranger, le formulaire ci-dessous ne fonctionnera pas pour vous. Au lieu de cela, le PVL International se r\u00e9jouit de recevoir votre inscription <strong><a href=\"https:\/\/international.grunliberale.ch\/mitmachen\/news-abonnieren.html\">ici<\/a><\/strong>.<\/p>\t\t\t\t\t\t\t\t<\/div>\n\t\t\t\t<\/div>\n\t\t\t\t<div class=\"elementor-element elementor-element-723b551 elementor-widget elementor-widget-html\" data-id=\"723b551\" data-element_type=\"widget\" data-e-type=\"widget\" data-widget_type=\"html.default\">\n\t\t\t\t<div class=\"elementor-widget-container\">\n\t\t\t\t\t<div id=\"hitobito-external-form\">Chargement du formulaire\u2026<\/div>\r\n\r\n<script src='https:\/\/www.google.com\/recaptcha\/api.js'><\/script>\r\n\r\n<script src=\"https:\/\/glp-community.ch\/external_forms\/loader.js?role=sympathisant&language=fr\"><\/script>\t\t\t\t<\/div>\n\t\t\t\t<\/div>\n\t\t\t\t<\/div>\n\t\t\t\t<\/div>\n\t\t\t\t\t<\/div>\n\t\t\t\t<\/div>\n\t\t\t\t<\/div>\n\t\t<div class=\"elementor-element elementor-element-7df23c53 e-flex e-con-boxed e-con e-parent\" data-id=\"7df23c53\" data-element_type=\"container\" data-e-type=\"container\">\n\t\t\t\t\t<div class=\"e-con-inner\">\n\t\t<div class=\"elementor-element elementor-element-5c2e5b2e e-con-full e-flex e-con e-child\" data-id=\"5c2e5b2e\" data-element_type=\"container\" data-e-type=\"container\" data-settings=\"{&quot;background_background&quot;:&quot;classic&quot;}\">\n\t\t<div class=\"elementor-element elementor-element-1d874380 e-con-full e-flex e-con e-child\" data-id=\"1d874380\" data-element_type=\"container\" data-e-type=\"container\">\n\t\t\t\t<div class=\"elementor-element elementor-element-e304e23 elementor-widget elementor-widget-heading\" data-id=\"e304e23\" data-element_type=\"widget\" data-e-type=\"widget\" data-widget_type=\"heading.default\">\n\t\t\t\t<div class=\"elementor-widget-container\">\n\t\t\t\t\t<h2 class=\"elementor-heading-title elementor-size-default\">Faites partie des Vert'lib\u00e9raux!<\/h2>\t\t\t\t<\/div>\n\t\t\t\t<\/div>\n\t\t\t\t<div class=\"elementor-element elementor-element-145961a5 elementor-widget elementor-widget-text-editor\" data-id=\"145961a5\" data-element_type=\"widget\" data-e-type=\"widget\" data-widget_type=\"text-editor.default\">\n\t\t\t\t<div class=\"elementor-widget-container\">\n\t\t\t\t\t\t\t\t\t<p>Faites des Vert\u2019lib\u00e9raux votre famille politique, participez \u00e0 nos \u00e9v\u00e9nements, discutez avec nous ou engagez-vous politiquement avec nous.<\/p>\n\t\t\t\t\t\t\t\t<\/div>\n\t\t\t\t<\/div>\n\t\t\t\t<div class=\"elementor-element elementor-element-7d304809 elementor-widget elementor-widget-spacer\" data-id=\"7d304809\" data-element_type=\"widget\" data-e-type=\"widget\" data-widget_type=\"spacer.default\">\n\t\t\t\t<div class=\"elementor-widget-container\">\n\t\t\t\t\t\t\t<div class=\"elementor-spacer\">\n\t\t\t<div class=\"elementor-spacer-inner\"><\/div>\n\t\t<\/div>\n\t\t\t\t\t\t<\/div>\n\t\t\t\t<\/div>\n\t\t\t\t<div class=\"elementor-element elementor-element-6f898aa8 elementor-mobile-align-justify elementor-widget elementor-widget-button\" data-id=\"6f898aa8\" data-element_type=\"widget\" data-e-type=\"widget\" data-widget_type=\"button.default\">\n\t\t\t\t<div class=\"elementor-widget-container\">\n\t\t\t\t\t\t\t\t\t<div class=\"elementor-button-wrapper\">\n\t\t\t\t\t<a class=\"elementor-button elementor-button-link elementor-size-sm\" href=\"https:\/\/vorlage.bi.glpch2.dev\/fr\/participer\/\">\n\t\t\t\t\t\t<span class=\"elementor-button-content-wrapper\">\n\t\t\t\t\t\t\t\t\t<span class=\"elementor-button-text\">Devenir membre<\/span>\n\t\t\t\t\t<\/span>\n\t\t\t\t\t<\/a>\n\t\t\t\t<\/div>\n\t\t\t\t\t\t\t\t<\/div>\n\t\t\t\t<\/div>\n\t\t\t\t<\/div>\n\t\t<div class=\"elementor-element elementor-element-31e8db64 e-con-full e-flex e-con e-child\" data-id=\"31e8db64\" data-element_type=\"container\" data-e-type=\"container\">\n\t\t\t\t<div class=\"elementor-element elementor-element-78b2365e elementor-widget elementor-widget-image\" data-id=\"78b2365e\" data-element_type=\"widget\" data-e-type=\"widget\" data-widget_type=\"image.default\">\n\t\t\t\t<div class=\"elementor-widget-container\">\n\t\t\t\t\t\t\t\t\t\t\t\t\t\t\t<img fetchpriority=\"high\" decoding=\"async\" width=\"2560\" height=\"1620\" src=\"https:\/\/vorlage.bi.glpch2.dev\/wp-content\/uploads\/sites\/2\/2024\/09\/Mitgliederbereich-2-scaled.webp\" class=\"attachment-full size-full wp-image-19975\" alt=\"\" srcset=\"https:\/\/vorlage.bi.glpch2.dev\/wp-content\/uploads\/sites\/2\/2024\/09\/Mitgliederbereich-2-scaled.webp 2560w, https:\/\/vorlage.bi.glpch2.dev\/wp-content\/uploads\/sites\/2\/2024\/09\/Mitgliederbereich-2-300x190.webp 300w, https:\/\/vorlage.bi.glpch2.dev\/wp-content\/uploads\/sites\/2\/2024\/09\/Mitgliederbereich-2-1024x648.webp 1024w, https:\/\/vorlage.bi.glpch2.dev\/wp-content\/uploads\/sites\/2\/2024\/09\/Mitgliederbereich-2-768x486.webp 768w, https:\/\/vorlage.bi.glpch2.dev\/wp-content\/uploads\/sites\/2\/2024\/09\/Mitgliederbereich-2-1536x972.webp 1536w, https:\/\/vorlage.bi.glpch2.dev\/wp-content\/uploads\/sites\/2\/2024\/09\/Mitgliederbereich-2-2048x1296.webp 2048w\" sizes=\"(max-width: 2560px) 100vw, 2560px\" \/>\t\t\t\t\t\t\t\t\t\t\t\t\t\t\t<\/div>\n\t\t\t\t<\/div>\n\t\t\t\t<\/div>\n\t\t\t\t<\/div>\n\t\t\t\t\t<\/div>\n\t\t\t\t<\/div>\n\t\t\t\t<\/div>\n\t\t","protected":false},"excerpt":{"rendered":"<p>Actualit\u00e9s S\u2019abonner \u00e0 nos nouvelles \u2013 devenez sympathisant\u00b7e Recevez nos nouvelles et les informations les plus importantes sur les d\u00e9veloppements vert&rsquo;lib\u00e9raux au niveau national, cantonal et local. Nous nous r\u00e9jouissons de pouvoir vous informer avec retenue mais de premi\u00e8re main. En remplissant le formulaire, vous acceptez notre d\u00e9claration de protection des donn\u00e9es (en vous inscrivant, [&hellip;]<\/p>\n","protected":false},"author":1,"featured_media":0,"parent":25068,"menu_order":0,"comment_status":"closed","ping_status":"closed","template":"","meta":{"footnotes":""},"class_list":["post-14691","page","type-page","status-publish","hentry"],"_links":{"self":[{"href":"https:\/\/vorlage.bi.glpch2.dev\/fr\/wp-json\/wp\/v2\/pages\/14691","targetHints":{"allow":["GET"]}}],"collection":[{"href":"https:\/\/vorlage.bi.glpch2.dev\/fr\/wp-json\/wp\/v2\/pages"}],"about":[{"href":"https:\/\/vorlage.bi.glpch2.dev\/fr\/wp-json\/wp\/v2\/types\/page"}],"author":[{"embeddable":true,"href":"https:\/\/vorlage.bi.glpch2.dev\/fr\/wp-json\/wp\/v2\/users\/1"}],"replies":[{"embeddable":true,"href":"https:\/\/vorlage.bi.glpch2.dev\/fr\/wp-json\/wp\/v2\/comments?post=14691"}],"version-history":[{"count":0,"href":"https:\/\/vorlage.bi.glpch2.dev\/fr\/wp-json\/wp\/v2\/pages\/14691\/revisions"}],"up":[{"embeddable":true,"href":"https:\/\/vorlage.bi.glpch2.dev\/fr\/wp-json\/wp\/v2\/pages\/25068"}],"wp:attachment":[{"href":"https:\/\/vorlage.bi.glpch2.dev\/fr\/wp-json\/wp\/v2\/media?parent=14691"}],"curies":[{"name":"wp","href":"https:\/\/api.w.org\/{rel}","templated":true}]}}