{"id":15921,"date":"2024-06-18T13:35:31","date_gmt":"2024-06-18T11:35:31","guid":{"rendered":"https:\/\/vorlage.bi.glpch2.dev\/transparence\/"},"modified":"2025-01-15T14:04:07","modified_gmt":"2025-01-15T13:04:07","slug":"transparence","status":"publish","type":"page","link":"https:\/\/vorlage.bi.glpch2.dev\/fr\/parti\/association\/transparence\/","title":{"rendered":"Transparence"},"content":{"rendered":"\t\t<div data-elementor-type=\"wp-page\" data-elementor-id=\"15921\" class=\"elementor elementor-15921 elementor-3245\" data-elementor-post-type=\"page\">\n\t\t\t\t<div class=\"elementor-element elementor-element-5f9b36e0 e-con-full e-flex e-con e-parent\" data-id=\"5f9b36e0\" data-element_type=\"container\" data-e-type=\"container\">\n\t\t<div class=\"elementor-element elementor-element-6829d93c e-con-full e-flex e-con e-child\" data-id=\"6829d93c\" data-element_type=\"container\" data-e-type=\"container\" data-settings=\"{&quot;background_background&quot;:&quot;classic&quot;}\">\n\t\t\t\t<\/div>\n\t\t<div class=\"elementor-element elementor-element-540ffa4e e-flex e-con-boxed e-con e-child\" data-id=\"540ffa4e\" data-element_type=\"container\" data-e-type=\"container\">\n\t\t\t\t\t<div class=\"e-con-inner\">\n\t\t<div class=\"elementor-element elementor-element-37014334 e-flex e-con-boxed e-con e-child\" data-id=\"37014334\" data-element_type=\"container\" data-e-type=\"container\">\n\t\t\t\t\t<div class=\"e-con-inner\">\n\t\t\t\t<div class=\"elementor-element elementor-element-75bab220 elementor-widget elementor-widget-jet-breadcrumbs\" data-id=\"75bab220\" data-element_type=\"widget\" data-e-type=\"widget\" data-widget_type=\"jet-breadcrumbs.default\">\n\t\t\t\t<div class=\"elementor-widget-container\">\n\t\t\t\t\t<div class=\"elementor-jet-breadcrumbs jet-blocks\">\n\t\t<div class=\"jet-breadcrumbs\">\n\t\t<div class=\"jet-breadcrumbs__content\">\n\t\t<div class=\"jet-breadcrumbs__wrap\"><div class=\"jet-breadcrumbs__item\"><a href=\"https:\/\/vorlage.bi.glpch2.dev\/fr\/\" class=\"jet-breadcrumbs__item-link is-home\" rel=\"home\" title=\"\">  <\/a><\/div>\n\t\t<\/div>\n\t\t<\/div>\n\t\t<\/div><\/div>\t\t\t\t<\/div>\n\t\t\t\t<\/div>\n\t\t\t\t\t<\/div>\n\t\t\t\t<\/div>\n\t\t<div class=\"elementor-element elementor-element-65c611f1 e-con-full e-flex e-con e-child\" data-id=\"65c611f1\" data-element_type=\"container\" data-e-type=\"container\">\n\t\t<div class=\"elementor-element elementor-element-63f69ee e-con-full e-flex e-con e-child\" data-id=\"63f69ee\" data-element_type=\"container\" data-e-type=\"container\">\n\t\t\t\t<div class=\"elementor-element elementor-element-6d209631 elementor-widget elementor-widget-heading\" data-id=\"6d209631\" data-element_type=\"widget\" data-e-type=\"widget\" data-widget_type=\"heading.default\">\n\t\t\t\t<div class=\"elementor-widget-container\">\n\t\t\t\t\t<h2 class=\"elementor-heading-title elementor-size-default\">Association<\/h2>\t\t\t\t<\/div>\n\t\t\t\t<\/div>\n\t\t\t\t<\/div>\n\t\t<div class=\"elementor-element elementor-element-7976b28f e-con-full e-flex e-con e-child\" data-id=\"7976b28f\" data-element_type=\"container\" data-e-type=\"container\">\n\t\t\t\t<div class=\"elementor-element elementor-element-53b251f4 elementor-widget elementor-widget-heading\" data-id=\"53b251f4\" data-element_type=\"widget\" data-e-type=\"widget\" data-widget_type=\"heading.default\">\n\t\t\t\t<div class=\"elementor-widget-container\">\n\t\t\t\t\t<h1 class=\"elementor-heading-title elementor-size-default\">Transparence<\/h1>\t\t\t\t<\/div>\n\t\t\t\t<\/div>\n\t\t\t\t<div class=\"elementor-element elementor-element-22ac715f elementor-hidden-mobile elementor-widget elementor-widget-heading\" data-id=\"22ac715f\" data-element_type=\"widget\" data-e-type=\"widget\" data-widget_type=\"heading.default\">\n\t\t\t\t<div class=\"elementor-widget-container\">\n\t\t\t\t\t<h2 class=\"elementor-heading-title elementor-size-default\">Ensemble pour une Suisse durable et tourn\u00e9e vers l'avenir.<\/h2>\t\t\t\t<\/div>\n\t\t\t\t<\/div>\n\t\t\t\t<div class=\"elementor-element elementor-element-2b0d0b67 elementor-widget elementor-widget-spacer\" data-id=\"2b0d0b67\" data-element_type=\"widget\" data-e-type=\"widget\" data-widget_type=\"spacer.default\">\n\t\t\t\t<div class=\"elementor-widget-container\">\n\t\t\t\t\t\t\t<div class=\"elementor-spacer\">\n\t\t\t<div class=\"elementor-spacer-inner\"><\/div>\n\t\t<\/div>\n\t\t\t\t\t\t<\/div>\n\t\t\t\t<\/div>\n\t\t\t\t<div class=\"elementor-element elementor-element-493c2fe elementor-widget elementor-widget-text-editor\" data-id=\"493c2fe\" data-element_type=\"widget\" data-e-type=\"widget\" data-widget_type=\"text-editor.default\">\n\t\t\t\t<div class=\"elementor-widget-container\">\n\t\t\t\t\t\t\t\t\t<p>La Suisse est l&rsquo;un des seuls pays de l&rsquo;OCDE sans financement public des partis politiques. Les partis sont donc tributaires des dons, des taxes de mandat et des cotisations de leurs membres. Le soutien financier du travail politique par des particuliers et des entreprises est un \u00e9l\u00e9ment indispensable de notre syst\u00e8me de milice. Il est essentiel de pr\u00e9server notre ind\u00e9pendance, notamment en ce qui concerne les dons de donateurs priv\u00e9s et d&rsquo;entreprises.<\/p>\n\t\t\t\t\t\t\t\t<\/div>\n\t\t\t\t<\/div>\n\t\t\t\t<\/div>\n\t\t\t\t<\/div>\n\t\t\t\t\t<\/div>\n\t\t\t\t<\/div>\n\t\t\t\t<\/div>\n\t\t<div class=\"elementor-element elementor-element-9f81d3d e-flex e-con-boxed e-con e-child\" data-id=\"9f81d3d\" data-element_type=\"container\" data-e-type=\"container\">\n\t\t\t\t\t<div class=\"e-con-inner\">\n\t\t<div class=\"elementor-element elementor-element-4412a338 e-con-full e-flex e-con e-child\" data-id=\"4412a338\" data-element_type=\"container\" data-e-type=\"container\">\n\t\t<div class=\"elementor-element elementor-element-462f58d1 e-con-full elementor-hidden-tablet elementor-hidden-mobile e-flex e-con e-child\" data-id=\"462f58d1\" data-element_type=\"container\" data-e-type=\"container\">\n\t\t\t\t<\/div>\n\t\t<div class=\"elementor-element elementor-element-70ad814c e-con-full e-flex e-con e-child\" data-id=\"70ad814c\" data-element_type=\"container\" data-e-type=\"container\">\n\t\t<div class=\"elementor-element elementor-element-26ec8475 e-con-full e-flex e-con e-child\" data-id=\"26ec8475\" data-element_type=\"container\" data-e-type=\"container\">\n\t\t\t\t<div class=\"elementor-element elementor-element-417ca4c3 elementor-widget elementor-widget-image\" data-id=\"417ca4c3\" data-element_type=\"widget\" data-e-type=\"widget\" data-widget_type=\"image.default\">\n\t\t\t\t<div class=\"elementor-widget-container\">\n\t\t\t\t\t\t\t\t\t\t\t\t\t\t\t<img fetchpriority=\"high\" decoding=\"async\" width=\"2000\" height=\"1333\" src=\"https:\/\/vorlage.bi.glpch2.dev\/wp-content\/uploads\/sites\/2\/2024\/10\/Spenden-2.webp\" class=\"attachment-full size-full wp-image-21756\" alt=\"\" srcset=\"https:\/\/vorlage.bi.glpch2.dev\/wp-content\/uploads\/sites\/2\/2024\/10\/Spenden-2.webp 2000w, https:\/\/vorlage.bi.glpch2.dev\/wp-content\/uploads\/sites\/2\/2024\/10\/Spenden-2-300x200.webp 300w, https:\/\/vorlage.bi.glpch2.dev\/wp-content\/uploads\/sites\/2\/2024\/10\/Spenden-2-1024x682.webp 1024w, https:\/\/vorlage.bi.glpch2.dev\/wp-content\/uploads\/sites\/2\/2024\/10\/Spenden-2-768x512.webp 768w, https:\/\/vorlage.bi.glpch2.dev\/wp-content\/uploads\/sites\/2\/2024\/10\/Spenden-2-1536x1024.webp 1536w\" sizes=\"(max-width: 2000px) 100vw, 2000px\" \/>\t\t\t\t\t\t\t\t\t\t\t\t\t\t\t<\/div>\n\t\t\t\t<\/div>\n\t\t\t\t<div class=\"elementor-element elementor-element-470639eb elementor-widget elementor-widget-text-editor\" data-id=\"470639eb\" data-element_type=\"widget\" data-e-type=\"widget\" data-widget_type=\"text-editor.default\">\n\t\t\t\t<div class=\"elementor-widget-container\">\n\t\t\t\t\t\t\t\t\t<p>En octobre 2022, les r\u00e8gles de transparence sur le financement politique sont entr\u00e9es en vigueur au niveau f\u00e9d\u00e9ral. Celles-ci pr\u00e9voient des obligations de publication accrues pour les partis, les campagnes et les candidat\u00b7e\u00b7s et sont salu\u00e9es par les Vert&rsquo;lib\u00e9raux.<\/p>\n<p>&nbsp;<\/p>\n<p>En plus des exigences l\u00e9gales, il est important pour les Vert&rsquo;lib\u00e9raux de d\u00e9finir des exigences \u00e9thiques claires dans le traitement des dons aux partis, qui garantissent notre ind\u00e9pendance, notre r\u00e9putation et notre cr\u00e9dibilit\u00e9. Celles-ci sont renseign\u00e9es dans le Code of Conduct. En outre, les Vert&rsquo;lib\u00e9raux publient volontairement leurs comptes annuels (\u00e0 partir de 2022).<\/p>\n\t\t\t\t\t\t\t\t<\/div>\n\t\t\t\t<\/div>\n\t\t\t\t<div class=\"elementor-element elementor-element-6a36ad0c elementor-widget elementor-widget-spacer\" data-id=\"6a36ad0c\" data-element_type=\"widget\" data-e-type=\"widget\" data-widget_type=\"spacer.default\">\n\t\t\t\t<div class=\"elementor-widget-container\">\n\t\t\t\t\t\t\t<div class=\"elementor-spacer\">\n\t\t\t<div class=\"elementor-spacer-inner\"><\/div>\n\t\t<\/div>\n\t\t\t\t\t\t<\/div>\n\t\t\t\t<\/div>\n\t\t\t\t<div class=\"elementor-element elementor-element-15085638 elementor-widget__width-inherit elementor-widget elementor-widget-heading\" data-id=\"15085638\" data-element_type=\"widget\" data-e-type=\"widget\" data-widget_type=\"heading.default\">\n\t\t\t\t<div class=\"elementor-widget-container\">\n\t\t\t\t\t<h2 class=\"elementor-heading-title elementor-size-default\">Tu veux en savoir plus ?<\/h2>\t\t\t\t<\/div>\n\t\t\t\t<\/div>\n\t\t\t\t<div class=\"elementor-element elementor-element-3ce138bd elementor-widget__width-inherit elementor-widget elementor-widget-spacer\" data-id=\"3ce138bd\" data-element_type=\"widget\" data-e-type=\"widget\" data-widget_type=\"spacer.default\">\n\t\t\t\t<div class=\"elementor-widget-container\">\n\t\t\t\t\t\t\t<div class=\"elementor-spacer\">\n\t\t\t<div class=\"elementor-spacer-inner\"><\/div>\n\t\t<\/div>\n\t\t\t\t\t\t<\/div>\n\t\t\t\t<\/div>\n\t\t<div class=\"elementor-element elementor-element-6668147 e-con-full e-flex e-con e-child\" data-id=\"6668147\" data-element_type=\"container\" data-e-type=\"container\">\n\t\t<div class=\"elementor-element elementor-element-7c0e720 e-con-full e-flex e-con e-child\" data-id=\"7c0e720\" data-element_type=\"container\" data-e-type=\"container\">\n\t\t\t\t<div class=\"elementor-element elementor-element-cf9e07a elementor-mobile-align-justify elementor-align-justify elementor-widget elementor-widget-button\" data-id=\"cf9e07a\" data-element_type=\"widget\" data-e-type=\"widget\" data-widget_type=\"button.default\">\n\t\t\t\t<div class=\"elementor-widget-container\">\n\t\t\t\t\t\t\t\t\t<div class=\"elementor-button-wrapper\">\n\t\t\t\t\t<a class=\"elementor-button elementor-button-link elementor-size-sm\" href=\"https:\/\/glpdf.pr24.dev\/wp-content\/uploads\/2024\/09\/Code-of-conduct-Parteispenden-und-Transparenz_FR.pdf\" target=\"_blank\">\n\t\t\t\t\t\t<span class=\"elementor-button-content-wrapper\">\n\t\t\t\t\t\t<span class=\"elementor-button-icon\">\n\t\t\t\t<svg xmlns=\"http:\/\/www.w3.org\/2000\/svg\" xmlns:xlink=\"http:\/\/www.w3.org\/1999\/xlink\" xmlns:serif=\"http:\/\/www.serif.com\/\" width=\"100%\" height=\"100%\" viewBox=\"0 0 17 17\" xml:space=\"preserve\" style=\"fill-rule:evenodd;clip-rule:evenodd;stroke-linejoin:round;stroke-miterlimit:2;\"><path d=\"M8.13,15.22l0,-10.634c0,-0.034 0.028,-0.062 0.062,-0.062l0.616,0c0.034,0 0.062,0.028 0.062,0.062l-0,10.635l3.732,-4.507c0.011,-0.012 0.026,-0.02 0.042,-0.022c0.016,-0.001 0.033,0.004 0.045,0.014l0.471,0.398c0.026,0.022 0.029,0.06 0.008,0.086l-4.608,5.544c-0.011,0.015 -0.029,0.023 -0.047,0.023c-0.018,-0 -0.036,-0.008 -0.047,-0.022l-4.633,-5.545c-0.022,-0.026 -0.019,-0.064 0.007,-0.086l0.471,-0.397c0.013,-0.011 0.029,-0.016 0.046,-0.014c0.016,0.001 0.031,0.009 0.042,0.022l3.731,4.505Z\"><\/path><\/svg>\t\t\t<\/span>\n\t\t\t\t\t\t\t\t\t<span class=\"elementor-button-text\">Code of Conduct <\/span>\n\t\t\t\t\t<\/span>\n\t\t\t\t\t<\/a>\n\t\t\t\t<\/div>\n\t\t\t\t\t\t\t\t<\/div>\n\t\t\t\t<\/div>\n\t\t\t\t<\/div>\n\t\t\t\t<\/div>\n\t\t\t\t<\/div>\n\t\t\t\t<\/div>\n\t\t\t\t<\/div>\n\t\t\t\t\t<\/div>\n\t\t\t\t<\/div>\n\t\t\t\t<\/div>\n\t\t","protected":false},"excerpt":{"rendered":"<p>Association Transparence Ensemble pour une Suisse durable et tourn\u00e9e vers l&rsquo;avenir. La Suisse est l&rsquo;un des seuls pays de l&rsquo;OCDE sans financement public des partis politiques. Les partis sont donc tributaires des dons, des taxes de mandat et des cotisations de leurs membres. Le soutien financier du travail politique par des particuliers et des entreprises [&hellip;]<\/p>\n","protected":false},"author":1,"featured_media":0,"parent":23275,"menu_order":0,"comment_status":"closed","ping_status":"closed","template":"","meta":{"footnotes":""},"class_list":["post-15921","page","type-page","status-publish","hentry"],"_links":{"self":[{"href":"https:\/\/vorlage.bi.glpch2.dev\/fr\/wp-json\/wp\/v2\/pages\/15921","targetHints":{"allow":["GET"]}}],"collection":[{"href":"https:\/\/vorlage.bi.glpch2.dev\/fr\/wp-json\/wp\/v2\/pages"}],"about":[{"href":"https:\/\/vorlage.bi.glpch2.dev\/fr\/wp-json\/wp\/v2\/types\/page"}],"author":[{"embeddable":true,"href":"https:\/\/vorlage.bi.glpch2.dev\/fr\/wp-json\/wp\/v2\/users\/1"}],"replies":[{"embeddable":true,"href":"https:\/\/vorlage.bi.glpch2.dev\/fr\/wp-json\/wp\/v2\/comments?post=15921"}],"version-history":[{"count":0,"href":"https:\/\/vorlage.bi.glpch2.dev\/fr\/wp-json\/wp\/v2\/pages\/15921\/revisions"}],"up":[{"embeddable":true,"href":"https:\/\/vorlage.bi.glpch2.dev\/fr\/wp-json\/wp\/v2\/pages\/23275"}],"wp:attachment":[{"href":"https:\/\/vorlage.bi.glpch2.dev\/fr\/wp-json\/wp\/v2\/media?parent=15921"}],"curies":[{"name":"wp","href":"https:\/\/api.w.org\/{rel}","templated":true}]}}