{"id":16256,"date":"2024-09-02T14:23:45","date_gmt":"2024-09-02T12:23:45","guid":{"rendered":"https:\/\/vorlage.bi.glpch2.dev\/education-recherche-et-innovation\/"},"modified":"2024-12-10T14:18:04","modified_gmt":"2024-12-10T13:18:04","slug":"education-recherche-et-innovation","status":"publish","type":"page","link":"https:\/\/vorlage.bi.glpch2.dev\/fr\/politique\/themes\/education-recherche-et-innovation\/","title":{"rendered":"Th\u00e8me C"},"content":{"rendered":"\t\t<div data-elementor-type=\"wp-page\" data-elementor-id=\"16256\" class=\"elementor elementor-16256 elementor-11669\" data-elementor-post-type=\"page\">\n\t\t\t\t<div class=\"elementor-element elementor-element-196683a2 e-con-full e-flex e-con e-parent\" data-id=\"196683a2\" data-element_type=\"container\" data-e-type=\"container\">\n\t\t<div class=\"elementor-element elementor-element-6f993978 e-con-full e-flex e-con e-child\" data-id=\"6f993978\" data-element_type=\"container\" data-e-type=\"container\" data-settings=\"{&quot;background_background&quot;:&quot;classic&quot;}\">\n\t\t\t\t<\/div>\n\t\t<div class=\"elementor-element elementor-element-6a7d1e9b e-flex e-con-boxed e-con e-child\" data-id=\"6a7d1e9b\" data-element_type=\"container\" data-e-type=\"container\">\n\t\t\t\t\t<div class=\"e-con-inner\">\n\t\t<div class=\"elementor-element elementor-element-192d2081 e-flex e-con-boxed e-con e-child\" data-id=\"192d2081\" data-element_type=\"container\" data-e-type=\"container\">\n\t\t\t\t\t<div class=\"e-con-inner\">\n\t\t\t\t<div class=\"elementor-element elementor-element-29ec204b elementor-widget elementor-widget-jet-breadcrumbs\" data-id=\"29ec204b\" data-element_type=\"widget\" data-e-type=\"widget\" data-widget_type=\"jet-breadcrumbs.default\">\n\t\t\t\t<div class=\"elementor-widget-container\">\n\t\t\t\t\t<div class=\"elementor-jet-breadcrumbs jet-blocks\">\n\t\t<div class=\"jet-breadcrumbs\">\n\t\t<div class=\"jet-breadcrumbs__content\">\n\t\t<div class=\"jet-breadcrumbs__wrap\"><div class=\"jet-breadcrumbs__item\"><a href=\"https:\/\/vorlage.bi.glpch2.dev\/fr\/\" class=\"jet-breadcrumbs__item-link is-home\" rel=\"home\" title=\"\">  <\/a><\/div>\n\t\t<\/div>\n\t\t<\/div>\n\t\t<\/div><\/div>\t\t\t\t<\/div>\n\t\t\t\t<\/div>\n\t\t\t\t\t<\/div>\n\t\t\t\t<\/div>\n\t\t<div class=\"elementor-element elementor-element-203ec1ca e-con-full e-flex e-con e-child\" data-id=\"203ec1ca\" data-element_type=\"container\" data-e-type=\"container\">\n\t\t<div class=\"elementor-element elementor-element-3b8c85f6 e-con-full e-flex e-con e-child\" data-id=\"3b8c85f6\" data-element_type=\"container\" data-e-type=\"container\">\n\t\t\t\t<div class=\"elementor-element elementor-element-4b61d21f elementor-widget elementor-widget-heading\" data-id=\"4b61d21f\" data-element_type=\"widget\" data-e-type=\"widget\" data-widget_type=\"heading.default\">\n\t\t\t\t<div class=\"elementor-widget-container\">\n\t\t\t\t\t<h2 class=\"elementor-heading-title elementor-size-default\">Politique<\/h2>\t\t\t\t<\/div>\n\t\t\t\t<\/div>\n\t\t\t\t<\/div>\n\t\t<div class=\"elementor-element elementor-element-57ee2305 e-con-full e-flex e-con e-child\" data-id=\"57ee2305\" data-element_type=\"container\" data-e-type=\"container\">\n\t\t\t\t<div class=\"elementor-element elementor-element-16bffa5a elementor-widget elementor-widget-heading\" data-id=\"16bffa5a\" data-element_type=\"widget\" data-e-type=\"widget\" data-widget_type=\"heading.default\">\n\t\t\t\t<div class=\"elementor-widget-container\">\n\t\t\t\t\t<h1 class=\"elementor-heading-title elementor-size-default\">Th\u00e8me C<\/h1>\t\t\t\t<\/div>\n\t\t\t\t<\/div>\n\t\t\t\t<div class=\"elementor-element elementor-element-344f9f80 elementor-hidden-mobile elementor-widget elementor-widget-heading\" data-id=\"344f9f80\" data-element_type=\"widget\" data-e-type=\"widget\" data-widget_type=\"heading.default\">\n\t\t\t\t<div class=\"elementor-widget-container\">\n\t\t\t\t\t<h2 class=\"elementor-heading-title elementor-size-default\">Le courage d\u2019agir pour l\u2019\u00e9ducation, la recherche et l\u2019innovation<\/h2>\t\t\t\t<\/div>\n\t\t\t\t<\/div>\n\t\t\t\t<div class=\"elementor-element elementor-element-46b01c0a elementor-widget elementor-widget-spacer\" data-id=\"46b01c0a\" data-element_type=\"widget\" data-e-type=\"widget\" data-widget_type=\"spacer.default\">\n\t\t\t\t<div class=\"elementor-widget-container\">\n\t\t\t\t\t\t\t<div class=\"elementor-spacer\">\n\t\t\t<div class=\"elementor-spacer-inner\"><\/div>\n\t\t<\/div>\n\t\t\t\t\t\t<\/div>\n\t\t\t\t<\/div>\n\t\t\t\t<div class=\"elementor-element elementor-element-2ffd7c98 elementor-widget elementor-widget-text-editor\" data-id=\"2ffd7c98\" data-element_type=\"widget\" data-e-type=\"widget\" data-widget_type=\"text-editor.default\">\n\t\t\t\t<div class=\"elementor-widget-container\">\n\t\t\t\t\t\t\t\t\tL\u2019\u00e9ducation et la recherche repr\u00e9sentent la pierre angulaire d\u2019un pays tourn\u00e9 vers l\u2019avenir. Nous d\u00e9fendons des \u00e9coles primaires, une formation professionnelle et des hautes \u00e9coles de qualit\u00e9 et publiques, davantage de comp\u00e9tences num\u00e9riques et une coop\u00e9ration internationale au niveau de la recherche. Au travers d\u2019un encouragement cibl\u00e9 du num\u00e9rique et de la recherche, nous nous assurons que la Suisse continuera d\u2019\u00eatre une place \u00e9conomique et d\u2019innovation incontournable \u00e0 l\u2019avenir.\t\t\t\t\t\t\t\t<\/div>\n\t\t\t\t<\/div>\n\t\t\t\t<\/div>\n\t\t\t\t<\/div>\n\t\t\t\t\t<\/div>\n\t\t\t\t<\/div>\n\t\t\t\t<\/div>\n\t\t<div class=\"elementor-element elementor-element-2636cd49 e-flex e-con-boxed e-con e-parent\" data-id=\"2636cd49\" data-element_type=\"container\" data-e-type=\"container\">\n\t\t\t\t\t<div class=\"e-con-inner\">\n\t\t<div class=\"elementor-element elementor-element-63264995 e-con-full e-flex e-con e-child\" data-id=\"63264995\" data-element_type=\"container\" data-e-type=\"container\">\n\t\t<div class=\"elementor-element elementor-element-40a4c2ad e-con-full elementor-hidden-tablet elementor-hidden-mobile e-flex e-con e-child\" data-id=\"40a4c2ad\" data-element_type=\"container\" data-e-type=\"container\">\n\t\t\t\t<\/div>\n\t\t<div class=\"elementor-element elementor-element-57cea8fb e-con-full e-flex e-con e-child\" data-id=\"57cea8fb\" data-element_type=\"container\" data-e-type=\"container\">\n\t\t\t\t<div class=\"elementor-element elementor-element-31554fa2 elementor-widget__width-inherit elementor-widget elementor-widget-heading\" data-id=\"31554fa2\" data-element_type=\"widget\" data-e-type=\"widget\" data-widget_type=\"heading.default\">\n\t\t\t\t<div class=\"elementor-widget-container\">\n\t\t\t\t\t<h2 class=\"elementor-heading-title elementor-size-default\">Un syst\u00e8me \u00e9ducatif fort<\/h2>\t\t\t\t<\/div>\n\t\t\t\t<\/div>\n\t\t\t\t<div class=\"elementor-element elementor-element-5fb2d3e2 elementor-widget elementor-widget-text-editor\" data-id=\"5fb2d3e2\" data-element_type=\"widget\" data-e-type=\"widget\" data-widget_type=\"text-editor.default\">\n\t\t\t\t<div class=\"elementor-widget-container\">\n\t\t\t\t\t\t\t\t\t<p>La formation et la recherche jouent un r\u00f4le cl\u00e9 dans notre soci\u00e9t\u00e9 et notre \u00e9conomie pour garantir l\u2019\u00e9quit\u00e9 et notre capacit\u00e9 d&rsquo;innovation. Une \u00e9cole forte et notre syst\u00e8me de formation dual en sont les \u00e9l\u00e9ments centraux. Nous nous engageons pour l&rsquo;apprentissage d&rsquo;une deuxi\u00e8me langue nationale en premier lieu afin de renforcer la coh\u00e9sion entre r\u00e9gions. Nous nous engageons aussi pour une Suisse comp\u00e9titive en mati\u00e8re d&rsquo;enseignement sup\u00e9rieur et de recherche. La coop\u00e9ration internationale est pour cela essentielle, en particulier avec l&rsquo;Europe.<\/p>\n\t\t\t\t\t\t\t\t<\/div>\n\t\t\t\t<\/div>\n\t\t\t\t<\/div>\n\t\t\t\t<\/div>\n\t\t\t\t\t<\/div>\n\t\t\t\t<\/div>\n\t\t<div class=\"elementor-element elementor-element-127a2d0 e-flex e-con-boxed e-con e-parent\" data-id=\"127a2d0\" data-element_type=\"container\" data-e-type=\"container\">\n\t\t\t\t\t<div class=\"e-con-inner\">\n\t\t<div class=\"elementor-element elementor-element-493485a e-con-full e-flex e-con e-child\" data-id=\"493485a\" data-element_type=\"container\" data-e-type=\"container\">\n\t\t<div class=\"elementor-element elementor-element-38bae14 e-con-full elementor-hidden-tablet elementor-hidden-mobile e-flex e-con e-child\" data-id=\"38bae14\" data-element_type=\"container\" data-e-type=\"container\">\n\t\t\t\t<\/div>\n\t\t<div class=\"elementor-element elementor-element-d521b97 e-con-full e-flex e-con e-child\" data-id=\"d521b97\" data-element_type=\"container\" data-e-type=\"container\">\n\t\t\t\t<div class=\"elementor-element elementor-element-7ca4eb3 elementor-widget__width-inherit elementor-widget elementor-widget-heading\" data-id=\"7ca4eb3\" data-element_type=\"widget\" data-e-type=\"widget\" data-widget_type=\"heading.default\">\n\t\t\t\t<div class=\"elementor-widget-container\">\n\t\t\t\t\t<h2 class=\"elementor-heading-title elementor-size-default\">Digitaliser, plus rapidement<\/h2>\t\t\t\t<\/div>\n\t\t\t\t<\/div>\n\t\t\t\t<div class=\"elementor-element elementor-element-065b9b4 elementor-widget elementor-widget-text-editor\" data-id=\"065b9b4\" data-element_type=\"widget\" data-e-type=\"widget\" data-widget_type=\"text-editor.default\">\n\t\t\t\t<div class=\"elementor-widget-container\">\n\t\t\t\t\t\t\t\t\t<p style=\"font-weight: 400;\">Les fax envoy\u00e9s pendant la pand\u00e9mie de Covid-19 ont d\u00e9montr\u00e9 notre retard en mati\u00e8re de digitalisation. Nous demandons une progression en la mati\u00e8re. Cela am\u00e9liorera notre qualit\u00e9 de vie et renforcera notre \u00e9conomie. Au lieu de la paperasserie, il faut des formulaires en ligne simples et des applications. L&rsquo;identit\u00e9 \u00e9lectronique (E-ID) et le dossier \u00e9lectronique du patient doivent \u00eatre introduits. Nous avons besoin d&rsquo;une infrastructure moderne, avec un d\u00e9ploiement rapide de la fibre et du r\u00e9seau 5G, y compris en zones rurales.<\/p>\n\t\t\t\t\t\t\t\t<\/div>\n\t\t\t\t<\/div>\n\t\t\t\t<div class=\"elementor-element elementor-element-de6f4da elementor-widget__width-inherit elementor-widget elementor-widget-spacer\" data-id=\"de6f4da\" data-element_type=\"widget\" data-e-type=\"widget\" data-widget_type=\"spacer.default\">\n\t\t\t\t<div class=\"elementor-widget-container\">\n\t\t\t\t\t\t\t<div class=\"elementor-spacer\">\n\t\t\t<div class=\"elementor-spacer-inner\"><\/div>\n\t\t<\/div>\n\t\t\t\t\t\t<\/div>\n\t\t\t\t<\/div>\n\t\t<div class=\"elementor-element elementor-element-9f8e0f1 e-con-full e-flex e-con e-child\" data-id=\"9f8e0f1\" data-element_type=\"container\" data-e-type=\"container\">\n\t\t\t\t<div class=\"elementor-element elementor-element-53cad24 elementor-mobile-align-justify elementor-align-justify elementor-widget elementor-widget-button\" data-id=\"53cad24\" data-element_type=\"widget\" data-e-type=\"widget\" data-widget_type=\"button.default\">\n\t\t\t\t<div class=\"elementor-widget-container\">\n\t\t\t\t\t\t\t\t\t<div class=\"elementor-button-wrapper\">\n\t\t\t\t\t<a class=\"elementor-button elementor-button-link elementor-size-sm\" href=\"https:\/\/bi.glpch2.dev\/wp-content\/uploads\/sites\/2\/2024\/09\/Papier-de-groupe-sur-la-numerisation.pdf\" target=\"_blank\">\n\t\t\t\t\t\t<span class=\"elementor-button-content-wrapper\">\n\t\t\t\t\t\t\t\t\t<span class=\"elementor-button-text\">Papier de groupe sur la num\u00e9risation<\/span>\n\t\t\t\t\t<\/span>\n\t\t\t\t\t<\/a>\n\t\t\t\t<\/div>\n\t\t\t\t\t\t\t\t<\/div>\n\t\t\t\t<\/div>\n\t\t\t\t<\/div>\n\t\t\t\t<\/div>\n\t\t\t\t<\/div>\n\t\t\t\t\t<\/div>\n\t\t\t\t<\/div>\n\t\t<div class=\"elementor-element elementor-element-2ab0103d e-flex e-con-boxed e-con e-child\" data-id=\"2ab0103d\" data-element_type=\"container\" data-e-type=\"container\">\n\t\t\t\t\t<div class=\"e-con-inner\">\n\t\t<div class=\"elementor-element elementor-element-344a6274 e-con-full e-flex e-con e-child\" data-id=\"344a6274\" data-element_type=\"container\" data-e-type=\"container\">\n\t\t<div class=\"elementor-element elementor-element-37927ced e-con-full elementor-hidden-tablet elementor-hidden-mobile e-flex e-con e-child\" data-id=\"37927ced\" data-element_type=\"container\" data-e-type=\"container\">\n\t\t\t\t<\/div>\n\t\t<div class=\"elementor-element elementor-element-5045c6d1 e-con-full e-flex e-con e-child\" data-id=\"5045c6d1\" data-element_type=\"container\" data-e-type=\"container\">\n\t\t<div class=\"elementor-element elementor-element-45afd65c e-con-full e-flex e-con e-child\" data-id=\"45afd65c\" data-element_type=\"container\" data-e-type=\"container\">\n\t\t\t\t<div class=\"elementor-element elementor-element-4a7d2e3b elementor-widget elementor-widget-image\" data-id=\"4a7d2e3b\" data-element_type=\"widget\" data-e-type=\"widget\" data-widget_type=\"image.default\">\n\t\t\t\t<div class=\"elementor-widget-container\">\n\t\t\t\t\t\t\t\t\t\t\t\t\t\t\t<img fetchpriority=\"high\" decoding=\"async\" width=\"1500\" height=\"991\" src=\"https:\/\/vorlage.bi.glpch2.dev\/wp-content\/uploads\/sites\/2\/2024\/09\/Standardbild.png\" class=\"attachment-full size-full wp-image-16798\" alt=\"\" srcset=\"https:\/\/vorlage.bi.glpch2.dev\/wp-content\/uploads\/sites\/2\/2024\/09\/Standardbild.png 1500w, https:\/\/vorlage.bi.glpch2.dev\/wp-content\/uploads\/sites\/2\/2024\/09\/Standardbild-300x198.png 300w, https:\/\/vorlage.bi.glpch2.dev\/wp-content\/uploads\/sites\/2\/2024\/09\/Standardbild-1024x677.png 1024w, https:\/\/vorlage.bi.glpch2.dev\/wp-content\/uploads\/sites\/2\/2024\/09\/Standardbild-768x507.png 768w\" sizes=\"(max-width: 1500px) 100vw, 1500px\" \/>\t\t\t\t\t\t\t\t\t\t\t\t\t\t\t<\/div>\n\t\t\t\t<\/div>\n\t\t\t\t<\/div>\n\t\t\t\t<\/div>\n\t\t\t\t<\/div>\n\t\t\t\t\t<\/div>\n\t\t\t\t<\/div>\n\t\t\t\t<\/div>\n\t\t","protected":false},"excerpt":{"rendered":"<p>Politique Th\u00e8me C Le courage d\u2019agir pour l\u2019\u00e9ducation, la recherche et l\u2019innovation L\u2019\u00e9ducation et la recherche repr\u00e9sentent la pierre angulaire d\u2019un pays tourn\u00e9 vers l\u2019avenir. Nous d\u00e9fendons des \u00e9coles primaires, une formation professionnelle et des hautes \u00e9coles de qualit\u00e9 et publiques, davantage de comp\u00e9tences num\u00e9riques et une coop\u00e9ration internationale au niveau de la recherche. Au [&hellip;]<\/p>\n","protected":false},"author":1,"featured_media":0,"parent":16432,"menu_order":0,"comment_status":"closed","ping_status":"closed","template":"","meta":{"footnotes":""},"class_list":["post-16256","page","type-page","status-publish","hentry"],"_links":{"self":[{"href":"https:\/\/vorlage.bi.glpch2.dev\/fr\/wp-json\/wp\/v2\/pages\/16256","targetHints":{"allow":["GET"]}}],"collection":[{"href":"https:\/\/vorlage.bi.glpch2.dev\/fr\/wp-json\/wp\/v2\/pages"}],"about":[{"href":"https:\/\/vorlage.bi.glpch2.dev\/fr\/wp-json\/wp\/v2\/types\/page"}],"author":[{"embeddable":true,"href":"https:\/\/vorlage.bi.glpch2.dev\/fr\/wp-json\/wp\/v2\/users\/1"}],"replies":[{"embeddable":true,"href":"https:\/\/vorlage.bi.glpch2.dev\/fr\/wp-json\/wp\/v2\/comments?post=16256"}],"version-history":[{"count":0,"href":"https:\/\/vorlage.bi.glpch2.dev\/fr\/wp-json\/wp\/v2\/pages\/16256\/revisions"}],"up":[{"embeddable":true,"href":"https:\/\/vorlage.bi.glpch2.dev\/fr\/wp-json\/wp\/v2\/pages\/16432"}],"wp:attachment":[{"href":"https:\/\/vorlage.bi.glpch2.dev\/fr\/wp-json\/wp\/v2\/media?parent=16256"}],"curies":[{"name":"wp","href":"https:\/\/api.w.org\/{rel}","templated":true}]}}