{"id":16623,"date":"2024-06-12T14:44:29","date_gmt":"2024-06-12T12:44:29","guid":{"rendered":"https:\/\/vorlage.bi.glpch2.dev\/notre-histoire\/"},"modified":"2024-10-29T16:19:34","modified_gmt":"2024-10-29T15:19:34","slug":"notre-histoire","status":"publish","type":"page","link":"https:\/\/vorlage.bi.glpch2.dev\/fr\/parti\/association\/notre-histoire\/","title":{"rendered":"Notre histoire"},"content":{"rendered":"\t\t<div data-elementor-type=\"wp-page\" data-elementor-id=\"16623\" class=\"elementor elementor-16623 elementor-2582\" data-elementor-post-type=\"page\">\n\t\t\t\t<div class=\"elementor-element elementor-element-519e2af8 e-con-full e-flex e-con e-parent\" data-id=\"519e2af8\" data-element_type=\"container\" data-e-type=\"container\">\n\t\t<div class=\"elementor-element elementor-element-44eed94 e-con-full e-flex e-con e-child\" data-id=\"44eed94\" data-element_type=\"container\" data-e-type=\"container\" data-settings=\"{&quot;background_background&quot;:&quot;classic&quot;}\">\n\t\t\t\t<\/div>\n\t\t<div class=\"elementor-element elementor-element-5d4c82ed e-flex e-con-boxed e-con e-child\" data-id=\"5d4c82ed\" data-element_type=\"container\" data-e-type=\"container\">\n\t\t\t\t\t<div class=\"e-con-inner\">\n\t\t<div class=\"elementor-element elementor-element-1722f71 e-flex e-con-boxed e-con e-child\" data-id=\"1722f71\" data-element_type=\"container\" data-e-type=\"container\">\n\t\t\t\t\t<div class=\"e-con-inner\">\n\t\t\t\t<div class=\"elementor-element elementor-element-7d3172e elementor-widget elementor-widget-jet-breadcrumbs\" data-id=\"7d3172e\" data-element_type=\"widget\" data-e-type=\"widget\" data-widget_type=\"jet-breadcrumbs.default\">\n\t\t\t\t<div class=\"elementor-widget-container\">\n\t\t\t\t\t<div class=\"elementor-jet-breadcrumbs jet-blocks\">\n\t\t<div class=\"jet-breadcrumbs\">\n\t\t<div class=\"jet-breadcrumbs__content\">\n\t\t<div class=\"jet-breadcrumbs__wrap\"><div class=\"jet-breadcrumbs__item\"><a href=\"https:\/\/vorlage.bi.glpch2.dev\/fr\/\" class=\"jet-breadcrumbs__item-link is-home\" rel=\"home\" title=\"\">  <\/a><\/div>\n\t\t<\/div>\n\t\t<\/div>\n\t\t<\/div><\/div>\t\t\t\t<\/div>\n\t\t\t\t<\/div>\n\t\t\t\t\t<\/div>\n\t\t\t\t<\/div>\n\t\t<div class=\"elementor-element elementor-element-2ce7fa14 e-con-full e-flex e-con e-child\" data-id=\"2ce7fa14\" data-element_type=\"container\" data-e-type=\"container\">\n\t\t<div class=\"elementor-element elementor-element-70687ff6 e-con-full e-flex e-con e-child\" data-id=\"70687ff6\" data-element_type=\"container\" data-e-type=\"container\">\n\t\t\t\t<div class=\"elementor-element elementor-element-6389739b elementor-widget elementor-widget-heading\" data-id=\"6389739b\" data-element_type=\"widget\" data-e-type=\"widget\" data-widget_type=\"heading.default\">\n\t\t\t\t<div class=\"elementor-widget-container\">\n\t\t\t\t\t<h2 class=\"elementor-heading-title elementor-size-default\">Association<\/h2>\t\t\t\t<\/div>\n\t\t\t\t<\/div>\n\t\t\t\t<\/div>\n\t\t<div class=\"elementor-element elementor-element-30b24603 e-con-full e-flex e-con e-child\" data-id=\"30b24603\" data-element_type=\"container\" data-e-type=\"container\">\n\t\t\t\t<div class=\"elementor-element elementor-element-6d25ee01 elementor-widget elementor-widget-heading\" data-id=\"6d25ee01\" data-element_type=\"widget\" data-e-type=\"widget\" data-widget_type=\"heading.default\">\n\t\t\t\t<div class=\"elementor-widget-container\">\n\t\t\t\t\t<h1 class=\"elementor-heading-title elementor-size-default\">De l'ascension au r\u00f4le politique cl\u00e9<\/h1>\t\t\t\t<\/div>\n\t\t\t\t<\/div>\n\t\t\t\t<div class=\"elementor-element elementor-element-4cbd3cba elementor-hidden-mobile elementor-widget elementor-widget-heading\" data-id=\"4cbd3cba\" data-element_type=\"widget\" data-e-type=\"widget\" data-widget_type=\"heading.default\">\n\t\t\t\t<div class=\"elementor-widget-container\">\n\t\t\t\t\t<h2 class=\"elementor-heading-title elementor-size-default\">D\u00e9couvre l'histoire du succ\u00e8s du PVL.<\/h2>\t\t\t\t<\/div>\n\t\t\t\t<\/div>\n\t\t\t\t<div class=\"elementor-element elementor-element-6fc9f23c elementor-widget elementor-widget-spacer\" data-id=\"6fc9f23c\" data-element_type=\"widget\" data-e-type=\"widget\" data-widget_type=\"spacer.default\">\n\t\t\t\t<div class=\"elementor-widget-container\">\n\t\t\t\t\t\t\t<div class=\"elementor-spacer\">\n\t\t\t<div class=\"elementor-spacer-inner\"><\/div>\n\t\t<\/div>\n\t\t\t\t\t\t<\/div>\n\t\t\t\t<\/div>\n\t\t\t\t<\/div>\n\t\t\t\t<\/div>\n\t\t\t\t\t<\/div>\n\t\t\t\t<\/div>\n\t\t\t\t<\/div>\n\t\t<div class=\"elementor-element elementor-element-53bbf111 e-flex e-con-boxed e-con e-child\" data-id=\"53bbf111\" data-element_type=\"container\" data-e-type=\"container\">\n\t\t\t\t\t<div class=\"e-con-inner\">\n\t\t<div class=\"elementor-element elementor-element-142f0c30 e-con-full e-flex e-con e-child\" data-id=\"142f0c30\" data-element_type=\"container\" data-e-type=\"container\">\n\t\t<div class=\"elementor-element elementor-element-64f4ea3c e-con-full elementor-hidden-tablet elementor-hidden-mobile e-flex e-con e-child\" data-id=\"64f4ea3c\" data-element_type=\"container\" data-e-type=\"container\">\n\t\t\t\t<\/div>\n\t\t<div class=\"elementor-element elementor-element-2105023d e-con-full e-flex e-con e-child\" data-id=\"2105023d\" data-element_type=\"container\" data-e-type=\"container\">\n\t\t<div class=\"elementor-element elementor-element-534d32c6 e-con-full e-flex e-con e-child\" data-id=\"534d32c6\" data-element_type=\"container\" data-e-type=\"container\">\n\t\t<div class=\"elementor-element elementor-element-2facbd63 e-con-full e-flex e-con e-child\" data-id=\"2facbd63\" data-element_type=\"container\" data-e-type=\"container\">\n\t\t\t\t<div class=\"elementor-element elementor-element-79058b59 elementor-widget elementor-widget-heading\" data-id=\"79058b59\" data-element_type=\"widget\" data-e-type=\"widget\" data-widget_type=\"heading.default\">\n\t\t\t\t<div class=\"elementor-widget-container\">\n\t\t\t\t\t<span class=\"elementor-heading-title elementor-size-default\">2007 \u2013 2010<\/span>\t\t\t\t<\/div>\n\t\t\t\t<\/div>\n\t\t\t\t<div class=\"elementor-element elementor-element-15ffbd97 elementor-widget elementor-widget-spacer\" data-id=\"15ffbd97\" data-element_type=\"widget\" data-e-type=\"widget\" data-widget_type=\"spacer.default\">\n\t\t\t\t<div class=\"elementor-widget-container\">\n\t\t\t\t\t\t\t<div class=\"elementor-spacer\">\n\t\t\t<div class=\"elementor-spacer-inner\"><\/div>\n\t\t<\/div>\n\t\t\t\t\t\t<\/div>\n\t\t\t\t<\/div>\n\t\t\t\t<div class=\"elementor-element elementor-element-183e9778 elementor-widget elementor-widget-text-editor\" data-id=\"183e9778\" data-element_type=\"widget\" data-e-type=\"widget\" data-widget_type=\"text-editor.default\">\n\t\t\t\t<div class=\"elementor-widget-container\">\n\t\t\t\t\t\t\t\t\t<p>Le Parti Vert&rsquo;lib\u00e9ral Suisse a \u00e9t\u00e9 fond\u00e9 le 19 juillet 2007 \u00e0 Zurich par les sections cantonales d\u00e9j\u00e0 existantes (Zurich et Saint-Gall). Le pr\u00e9sident fondateur \u00e9tait le conseiller national Martin B\u00e4umle. Apr\u00e8s ses succ\u00e8s \u00e9lectoraux dans le canton de Zurich en 2006, le PVL s&rsquo;est pr\u00e9sent\u00e9 pour la premi\u00e8re fois aux \u00e9lections parlementaires f\u00e9d\u00e9rales en octobre 2007. Les deux sections cantonales ont remport\u00e9 un grand succ\u00e8s et le PVL a d\u00e9croch\u00e9 d&#8217;embl\u00e9e trois si\u00e8ges au Conseil national (part \u00e9lectorale de 1,4 %) et un au Conseil des \u00c9tats. Apr\u00e8s ce succ\u00e8s, la croissance du parti national a continu\u00e9 et, jusqu&rsquo;en 2008, neuf autres cantons de Suisse al\u00e9manique ont rejoint le mouvement. Gr\u00e2ce \u00e0 la cr\u00e9ation de sections \u00e0 Fribourg, Vaud et Gen\u00e8ve, les \u00ab\u00a0Vert&rsquo;lib\u00e9raux\u00a0\u00bb se sont \u00e9galement \u00e9tablis en Suisse romande. Avec un total de 14 sections cantonales, le parti pr\u00e9sentait d\u00e9j\u00e0 un caract\u00e8re national. En 2010, les Vert&rsquo;lib\u00e9raux ont enfin pu entrer au parlement de la ville de Zurich en obtenant douze si\u00e8ges lors des \u00e9lections municipales, alors qu&rsquo;ils n&rsquo;avaient pas franchi la barre des cinq pour cent en 2006.<\/p>\n\t\t\t\t\t\t\t\t<\/div>\n\t\t\t\t<\/div>\n\t\t<div class=\"elementor-element elementor-element-69e76e42 e-con-full e-flex e-con e-child\" data-id=\"69e76e42\" data-element_type=\"container\" data-e-type=\"container\">\n\t\t\t\t<div class=\"elementor-element elementor-element-5844cbb8 elementor-widget-divider--view-line elementor-widget elementor-widget-divider\" data-id=\"5844cbb8\" data-element_type=\"widget\" data-e-type=\"widget\" data-widget_type=\"divider.default\">\n\t\t\t\t<div class=\"elementor-widget-container\">\n\t\t\t\t\t\t\t<div class=\"elementor-divider\">\n\t\t\t<span class=\"elementor-divider-separator\">\n\t\t\t\t\t\t<\/span>\n\t\t<\/div>\n\t\t\t\t\t\t<\/div>\n\t\t\t\t<\/div>\n\t\t\t\t<\/div>\n\t\t\t\t<\/div>\n\t\t<div class=\"elementor-element elementor-element-c802f14 e-con-full e-flex e-con e-child\" data-id=\"c802f14\" data-element_type=\"container\" data-e-type=\"container\">\n\t\t\t\t<div class=\"elementor-element elementor-element-ef6d9d8 elementor-widget elementor-widget-heading\" data-id=\"ef6d9d8\" data-element_type=\"widget\" data-e-type=\"widget\" data-widget_type=\"heading.default\">\n\t\t\t\t<div class=\"elementor-widget-container\">\n\t\t\t\t\t<span class=\"elementor-heading-title elementor-size-default\">2011 \u2013 2014<\/span>\t\t\t\t<\/div>\n\t\t\t\t<\/div>\n\t\t\t\t<div class=\"elementor-element elementor-element-f0c4e5a elementor-widget elementor-widget-spacer\" data-id=\"f0c4e5a\" data-element_type=\"widget\" data-e-type=\"widget\" data-widget_type=\"spacer.default\">\n\t\t\t\t<div class=\"elementor-widget-container\">\n\t\t\t\t\t\t\t<div class=\"elementor-spacer\">\n\t\t\t<div class=\"elementor-spacer-inner\"><\/div>\n\t\t<\/div>\n\t\t\t\t\t\t<\/div>\n\t\t\t\t<\/div>\n\t\t\t\t<div class=\"elementor-element elementor-element-3c227c4 elementor-widget elementor-widget-text-editor\" data-id=\"3c227c4\" data-element_type=\"widget\" data-e-type=\"widget\" data-widget_type=\"text-editor.default\">\n\t\t\t\t<div class=\"elementor-widget-container\">\n\t\t\t\t\t\t\t\t\t<div class=\"text component\">\n<div class=\"text\">\n<p>L&rsquo;ann\u00e9e 2011 s&rsquo;est av\u00e9r\u00e9e \u00eatre une ann\u00e9e charni\u00e8re pour le PVL, et ce \u00e0 double titre. Il a atteint une part \u00e9lectorale de 5,4 % lors des \u00e9lections parlementaires nationales, soit une augmentation de 4,0 %. Le PVL a donc fait partie des grands gagnants des \u00e9lections et a largement contribu\u00e9 au renforcement du courant politique du centre.\u00a0Avec\u00a0douze repr\u00e9sentant\u2219e\u2219s au Conseil national et deux au Conseil des Etats, un groupe parlementaire a pu \u00eatre cr\u00e9\u00e9 au Palais f\u00e9d\u00e9ral. De plus, la r\u00e9colte de signatures pour la premi\u00e8re initiative populaire vert&rsquo;lib\u00e9rale \u2013 \u00a0&lsquo;Remplacer la taxe sur la valeur ajout\u00e9e par une taxe sur l&rsquo;\u00e9nergie&rsquo; \u2013 a d\u00e9but\u00e9 en juin 2011.<\/p>\n<p>&nbsp;<\/p>\n<p>Comme son nom l&rsquo;indique, cette initiative visait \u00e0 remplacer la TVA par une taxe sur les \u00e9nergies non renouvelables et \u00e0 cr\u00e9er ainsi des incitations \u00e0 l&rsquo;am\u00e9lioration de l&rsquo;efficacit\u00e9 \u00e9nerg\u00e9tique, aux \u00e9conomies d&rsquo;\u00e9nergie et aux investissements dans les \u00e9nergies renouvelables. L&rsquo;initiative avait \u00e9t\u00e9 d\u00e9pos\u00e9e \u00e0 l&rsquo;occasion des cinq ans du PVL et a recueilli 108&rsquo;018 signatures. Le PVL a ainsi prouv\u00e9 que, bien qu&rsquo;il soit jeune, il est d\u00e9j\u00e0 capable de prendre des initiatives.<\/p>\n<p>&nbsp;<\/p>\n<p>Avec la fondation de cinq sections cantonales suppl\u00e9mentaires \u00e0 Schwyz, Neuch\u00e2tel, Tessin, Glaris et Schaffhouse, le PVL disposait alors de 19 sections au total. Il ne manquait plus que les partis cantonaux d&rsquo;Uri, Nidwald, Obwald, Appenzell Rhodes-Ext\u00e9rieures, Appenzell Rhodes-Int\u00e9rieures, Valais et Jura.<\/p>\n<\/div>\n<\/div>\n\t\t\t\t\t\t\t\t<\/div>\n\t\t\t\t<\/div>\n\t\t<div class=\"elementor-element elementor-element-2ed1c81 e-con-full e-flex e-con e-child\" data-id=\"2ed1c81\" data-element_type=\"container\" data-e-type=\"container\">\n\t\t\t\t<div class=\"elementor-element elementor-element-502ddce elementor-widget-divider--view-line elementor-widget elementor-widget-divider\" data-id=\"502ddce\" data-element_type=\"widget\" data-e-type=\"widget\" data-widget_type=\"divider.default\">\n\t\t\t\t<div class=\"elementor-widget-container\">\n\t\t\t\t\t\t\t<div class=\"elementor-divider\">\n\t\t\t<span class=\"elementor-divider-separator\">\n\t\t\t\t\t\t<\/span>\n\t\t<\/div>\n\t\t\t\t\t\t<\/div>\n\t\t\t\t<\/div>\n\t\t\t\t<\/div>\n\t\t\t\t<\/div>\n\t\t<div class=\"elementor-element elementor-element-8265cb7 e-con-full e-flex e-con e-child\" data-id=\"8265cb7\" data-element_type=\"container\" data-e-type=\"container\">\n\t\t\t\t<div class=\"elementor-element elementor-element-428f66f elementor-widget elementor-widget-heading\" data-id=\"428f66f\" data-element_type=\"widget\" data-e-type=\"widget\" data-widget_type=\"heading.default\">\n\t\t\t\t<div class=\"elementor-widget-container\">\n\t\t\t\t\t<span class=\"elementor-heading-title elementor-size-default\">2015 \u2013 2018<\/span>\t\t\t\t<\/div>\n\t\t\t\t<\/div>\n\t\t\t\t<div class=\"elementor-element elementor-element-a39f1ec elementor-widget elementor-widget-spacer\" data-id=\"a39f1ec\" data-element_type=\"widget\" data-e-type=\"widget\" data-widget_type=\"spacer.default\">\n\t\t\t\t<div class=\"elementor-widget-container\">\n\t\t\t\t\t\t\t<div class=\"elementor-spacer\">\n\t\t\t<div class=\"elementor-spacer-inner\"><\/div>\n\t\t<\/div>\n\t\t\t\t\t\t<\/div>\n\t\t\t\t<\/div>\n\t\t\t\t<div class=\"elementor-element elementor-element-00361bc elementor-widget elementor-widget-text-editor\" data-id=\"00361bc\" data-element_type=\"widget\" data-e-type=\"widget\" data-widget_type=\"text-editor.default\">\n\t\t\t\t<div class=\"elementor-widget-container\">\n\t\t\t\t\t\t\t\t\t<p>Pour les Vert&rsquo;lib\u00e9raux, l&rsquo;ann\u00e9e 2015 a \u00e9t\u00e9 celle de la mise \u00e0 l&rsquo;\u00e9preuve. Apr\u00e8s la croissance rapide et les nombreux succ\u00e8s des ann\u00e9es pr\u00e9c\u00e9dentes, le parti a d\u00fb faire face \u00e0 quelques revers.\u00a0La premi\u00e8re initiative populaire des Vert&rsquo;lib\u00e9raux \u00ab\u00a0Remplacer la taxe sur la valeur ajout\u00e9e par une taxe sur l&rsquo;\u00e9nergie\u00a0\u00bb a \u00e9t\u00e9 fortement rejet\u00e9e par le peuple suisse en mars. Le remplacement complet de la TVA \u00e9tait manifestement une trop grande \u00e9tape pour les Suisses. Toutefois, les Vert&rsquo;lib\u00e9raux continuent de s&rsquo;engager pour l&rsquo;introduction d&rsquo;un syst\u00e8me de pilotage de l&rsquo;\u00e9nergie et donc pour une mise en \u0153uvre du tournant \u00e9nerg\u00e9tique favorable \u00e0 l&rsquo;\u00e9conomie.<\/p>\n<p>&nbsp;<\/p>\n<p>En raison de conditions-cadres diff\u00e9rentes et d&rsquo;apparentements de listes moins favorables qu&rsquo;en 2011, le PVL a ensuite perdu 0,8 % lors des \u00e9lections au Conseil national d&rsquo;octobre 2015, pour atteindre une part \u00e9lectorale l\u00e9g\u00e8rement inf\u00e9rieure \u00e0 4, 6 %.\u00a0Ce r\u00e9sultat a entra\u00een\u00e9 la perte de cinq si\u00e8ges au Conseil national dans les cantons de GR, LU, SG, TG et ZH. Comme les deux conseillers aux Etats vert&rsquo;lib\u00e9raux Verena Diener (ZH) et Markus Stadler (UR) ne se sont pas repr\u00e9sent\u00e9s, leurs si\u00e8ges ont \u00e9galement \u00e9t\u00e9 perdus.\u00a0Le PVL n&rsquo;\u00e9tait donc plus repr\u00e9sent\u00e9 \u00e0 la Chambre Haute et le nouveau groupe comptait alors\u00a0sept membres.<\/p>\n<p>&nbsp;<\/p>\n<p>Les r\u00e9sultats au niveau f\u00e9d\u00e9ral n&rsquo;ont cependant pas influ\u00e9 sur les r\u00e9sultats des \u00e9lections cantonales. Malgr\u00e9 la situation nationale d\u00e9favorable, certaines sections ont pu confirmer les r\u00e9sultats de 2011, d&rsquo;autres ont m\u00eame l\u00e9g\u00e8rement progress\u00e9. Les listes des Jeunes vert&rsquo;lib\u00e9raux ont \u00e9galement obtenu de bons r\u00e9sultats.<\/p>\n\t\t\t\t\t\t\t\t<\/div>\n\t\t\t\t<\/div>\n\t\t<div class=\"elementor-element elementor-element-9d98fe2 e-con-full e-flex e-con e-child\" data-id=\"9d98fe2\" data-element_type=\"container\" data-e-type=\"container\">\n\t\t\t\t<div class=\"elementor-element elementor-element-2ce9fa4 elementor-widget-divider--view-line elementor-widget elementor-widget-divider\" data-id=\"2ce9fa4\" data-element_type=\"widget\" data-e-type=\"widget\" data-widget_type=\"divider.default\">\n\t\t\t\t<div class=\"elementor-widget-container\">\n\t\t\t\t\t\t\t<div class=\"elementor-divider\">\n\t\t\t<span class=\"elementor-divider-separator\">\n\t\t\t\t\t\t<\/span>\n\t\t<\/div>\n\t\t\t\t\t\t<\/div>\n\t\t\t\t<\/div>\n\t\t\t\t<\/div>\n\t\t\t\t<\/div>\n\t\t<div class=\"elementor-element elementor-element-2c4b525 e-con-full e-flex e-con e-child\" data-id=\"2c4b525\" data-element_type=\"container\" data-e-type=\"container\">\n\t\t\t\t<div class=\"elementor-element elementor-element-6618cfe elementor-widget elementor-widget-heading\" data-id=\"6618cfe\" data-element_type=\"widget\" data-e-type=\"widget\" data-widget_type=\"heading.default\">\n\t\t\t\t<div class=\"elementor-widget-container\">\n\t\t\t\t\t<span class=\"elementor-heading-title elementor-size-default\">2019 \u2013 2022<\/span>\t\t\t\t<\/div>\n\t\t\t\t<\/div>\n\t\t\t\t<div class=\"elementor-element elementor-element-1875451 elementor-widget elementor-widget-spacer\" data-id=\"1875451\" data-element_type=\"widget\" data-e-type=\"widget\" data-widget_type=\"spacer.default\">\n\t\t\t\t<div class=\"elementor-widget-container\">\n\t\t\t\t\t\t\t<div class=\"elementor-spacer\">\n\t\t\t<div class=\"elementor-spacer-inner\"><\/div>\n\t\t<\/div>\n\t\t\t\t\t\t<\/div>\n\t\t\t\t<\/div>\n\t\t\t\t<div class=\"elementor-element elementor-element-c1491ce elementor-widget elementor-widget-text-editor\" data-id=\"c1491ce\" data-element_type=\"widget\" data-e-type=\"widget\" data-widget_type=\"text-editor.default\">\n\t\t\t\t<div class=\"elementor-widget-container\">\n\t\t\t\t\t\t\t\t\t<p style=\"letter-spacing: 0.3px;\">Le PVL a de nouveau pu progresser lors des \u00e9lections f\u00e9d\u00e9rales de 2019. Avec 7.8% de part \u00e9lectorale, il atteint le meilleur r\u00e9sultat de son histoire et remporte 16 si\u00e8ges au Conseil national. Gr\u00e2ce \u00e0 cette taille influente, notre groupe parlementaire a pu jouer un r\u00f4le important au cours de cette l\u00e9gislature.<\/p>\n<p>&nbsp;<\/p>\n<p style=\"letter-spacing: 0.3px;\">En 2020, la premi\u00e8re conseill\u00e8re d\u2019\u00c9tat PVL a \u00e9t\u00e9 \u00e9lue \u00e0 B\u00e2le-Ville en la personne d\u2019Esther Keller. Peter Truttman a suivi son exemple en obtenant un si\u00e8ge au gouvernement de Nidwald en mars 2022. Avec la cr\u00e9ation du parti cantonal d&rsquo;Uri et son admission au sein du parti national lors de l&rsquo;assembl\u00e9e des d\u00e9l\u00e9gu\u00e9s du 2 avril 2022, le PVL est d\u00e9sormais repr\u00e9sent\u00e9 dans chacun des 26 cantons, 18 ans apr\u00e8s sa cr\u00e9ation. Il a pu progresser de fa\u00e7on significative lors de la quasi-totalit\u00e9 des \u00e9lections cantonales. Gr\u00e2ce \u00e0 ses id\u00e9es progressistes, ses solutions pragmatiques et sa politique durable et optimiste, le message des Vert\u2019lib\u00e9raux trouve \u00e9cho dans toutes les r\u00e9gions de la Suisse.<\/p>\n\t\t\t\t\t\t\t\t<\/div>\n\t\t\t\t<\/div>\n\t\t<div class=\"elementor-element elementor-element-dd47c26 e-con-full e-flex e-con e-child\" data-id=\"dd47c26\" data-element_type=\"container\" data-e-type=\"container\">\n\t\t\t\t<div class=\"elementor-element elementor-element-9970b9a elementor-widget-divider--view-line elementor-widget elementor-widget-divider\" data-id=\"9970b9a\" data-element_type=\"widget\" data-e-type=\"widget\" data-widget_type=\"divider.default\">\n\t\t\t\t<div class=\"elementor-widget-container\">\n\t\t\t\t\t\t\t<div class=\"elementor-divider\">\n\t\t\t<span class=\"elementor-divider-separator\">\n\t\t\t\t\t\t<\/span>\n\t\t<\/div>\n\t\t\t\t\t\t<\/div>\n\t\t\t\t<\/div>\n\t\t\t\t<\/div>\n\t\t\t\t<\/div>\n\t\t<div class=\"elementor-element elementor-element-dc42c28 e-con-full e-flex e-con e-child\" data-id=\"dc42c28\" data-element_type=\"container\" data-e-type=\"container\">\n\t\t\t\t<div class=\"elementor-element elementor-element-449ae96 elementor-widget elementor-widget-heading\" data-id=\"449ae96\" data-element_type=\"widget\" data-e-type=\"widget\" data-widget_type=\"heading.default\">\n\t\t\t\t<div class=\"elementor-widget-container\">\n\t\t\t\t\t<span class=\"elementor-heading-title elementor-size-default\">Depuis 2023<\/span>\t\t\t\t<\/div>\n\t\t\t\t<\/div>\n\t\t\t\t<div class=\"elementor-element elementor-element-1f6e76a elementor-widget elementor-widget-spacer\" data-id=\"1f6e76a\" data-element_type=\"widget\" data-e-type=\"widget\" data-widget_type=\"spacer.default\">\n\t\t\t\t<div class=\"elementor-widget-container\">\n\t\t\t\t\t\t\t<div class=\"elementor-spacer\">\n\t\t\t<div class=\"elementor-spacer-inner\"><\/div>\n\t\t<\/div>\n\t\t\t\t\t\t<\/div>\n\t\t\t\t<\/div>\n\t\t\t\t<div class=\"elementor-element elementor-element-328ddb9 elementor-widget elementor-widget-text-editor\" data-id=\"328ddb9\" data-element_type=\"widget\" data-e-type=\"widget\" data-widget_type=\"text-editor.default\">\n\t\t\t\t<div class=\"elementor-widget-container\">\n\t\t\t\t\t\t\t\t\t<p style=\"letter-spacing: 0.3px;\">Les \u00e9lections f\u00e9d\u00e9rales de 2023 ont mis le PVL au-devant de d\u00e9fis majeurs. Certes, il n\u2019a perdu que 0,2% pour atteindre 7,6% de part \u00e9lectorale, mais le Parti doit lib\u00e9rer 6 de ses si\u00e8ges au Conseil national. Ces derniers se trouvent dans les cantons de Gen\u00e8ve, Lucerne, St. Gall, Vaud et Zurich. Avec la victoire de Tiana Moser \u00e0 Zurich, le retour du PVL au Conseil des \u00c9tats (il en \u00e9tait absent depuis 2015) fut cependant un succ\u00e8s notable lors de ces \u00e9lections. En m\u00eame temps, le d\u00e9licat \u00e9quilibre des forces pr\u00e9sentes au Parlement permet \u00e0 notre groupe parlementaire d\u2019occuper une fonction importante de balancier et faiseur de majorit\u00e9s.<\/p>\r\n<p style=\"letter-spacing: 0.3px;\">En d\u00e9cembre 2023, le PVL a enregistr\u00e9 un succ\u00e8s important avec l\u2019\u00e9lection de Viktor Rossi au poste de chancelier de la Conf\u00e9d\u00e9ration. Lors des \u00e9lections communales et cantonales, le Parti a majoritairement r\u00e9ussi \u00e0 d\u00e9fendre ses si\u00e8ges existants et m\u00eame \u00e0 remporter de nouveaux mandats dans certains cantons.<\/p>\t\t\t\t\t\t\t\t<\/div>\n\t\t\t\t<\/div>\n\t\t\t\t<\/div>\n\t\t\t\t<\/div>\n\t\t\t\t<\/div>\n\t\t\t\t<\/div>\n\t\t\t\t\t<\/div>\n\t\t\t\t<\/div>\n\t\t\t\t<\/div>\n\t\t","protected":false},"excerpt":{"rendered":"<p>Association De l&rsquo;ascension au r\u00f4le politique cl\u00e9 D\u00e9couvre l&rsquo;histoire du succ\u00e8s du PVL. 2007 \u2013 2010 Le Parti Vert&rsquo;lib\u00e9ral Suisse a \u00e9t\u00e9 fond\u00e9 le 19 juillet 2007 \u00e0 Zurich par les sections cantonales d\u00e9j\u00e0 existantes (Zurich et Saint-Gall). Le pr\u00e9sident fondateur \u00e9tait le conseiller national Martin B\u00e4umle. Apr\u00e8s ses succ\u00e8s \u00e9lectoraux dans le canton de [&hellip;]<\/p>\n","protected":false},"author":1,"featured_media":0,"parent":23275,"menu_order":0,"comment_status":"closed","ping_status":"closed","template":"","meta":{"footnotes":""},"class_list":["post-16623","page","type-page","status-publish","hentry"],"_links":{"self":[{"href":"https:\/\/vorlage.bi.glpch2.dev\/fr\/wp-json\/wp\/v2\/pages\/16623","targetHints":{"allow":["GET"]}}],"collection":[{"href":"https:\/\/vorlage.bi.glpch2.dev\/fr\/wp-json\/wp\/v2\/pages"}],"about":[{"href":"https:\/\/vorlage.bi.glpch2.dev\/fr\/wp-json\/wp\/v2\/types\/page"}],"author":[{"embeddable":true,"href":"https:\/\/vorlage.bi.glpch2.dev\/fr\/wp-json\/wp\/v2\/users\/1"}],"replies":[{"embeddable":true,"href":"https:\/\/vorlage.bi.glpch2.dev\/fr\/wp-json\/wp\/v2\/comments?post=16623"}],"version-history":[{"count":0,"href":"https:\/\/vorlage.bi.glpch2.dev\/fr\/wp-json\/wp\/v2\/pages\/16623\/revisions"}],"up":[{"embeddable":true,"href":"https:\/\/vorlage.bi.glpch2.dev\/fr\/wp-json\/wp\/v2\/pages\/23275"}],"wp:attachment":[{"href":"https:\/\/vorlage.bi.glpch2.dev\/fr\/wp-json\/wp\/v2\/media?parent=16623"}],"curies":[{"name":"wp","href":"https:\/\/api.w.org\/{rel}","templated":true}]}}