{"id":17920,"date":"2024-06-18T10:28:32","date_gmt":"2024-06-18T08:28:32","guid":{"rendered":"https:\/\/vorlage.bi.glpch2.dev\/politique\/ou-en-sommes-nous\/faq-avec-les-10-questions-les-plus-frequentes\/"},"modified":"2024-11-05T16:16:18","modified_gmt":"2024-11-05T15:16:18","slug":"faq-avec-les-10-questions-les-plus-frequentes","status":"publish","type":"page","link":"https:\/\/vorlage.bi.glpch2.dev\/fr\/politique\/faq-avec-les-10-questions-les-plus-frequentes\/","title":{"rendered":"Questions fr\u00e9quentes"},"content":{"rendered":"\t\t<div data-elementor-type=\"wp-page\" data-elementor-id=\"17920\" class=\"elementor elementor-17920 elementor-3137\" data-elementor-post-type=\"page\">\n\t\t\t\t<div class=\"elementor-element elementor-element-4b24ddd8 e-con-full e-flex e-con e-parent\" data-id=\"4b24ddd8\" data-element_type=\"container\" data-e-type=\"container\">\n\t\t<div class=\"elementor-element elementor-element-237e2a3 e-con-full e-flex e-con e-child\" data-id=\"237e2a3\" data-element_type=\"container\" data-e-type=\"container\" data-settings=\"{&quot;background_background&quot;:&quot;classic&quot;}\">\n\t\t\t\t<\/div>\n\t\t<div class=\"elementor-element elementor-element-67549cb8 e-flex e-con-boxed e-con e-child\" data-id=\"67549cb8\" data-element_type=\"container\" data-e-type=\"container\">\n\t\t\t\t\t<div class=\"e-con-inner\">\n\t\t<div class=\"elementor-element elementor-element-7e18cdde e-flex e-con-boxed e-con e-child\" data-id=\"7e18cdde\" data-element_type=\"container\" data-e-type=\"container\">\n\t\t\t\t\t<div class=\"e-con-inner\">\n\t\t\t\t<div class=\"elementor-element elementor-element-77a0001d elementor-widget elementor-widget-jet-breadcrumbs\" data-id=\"77a0001d\" data-element_type=\"widget\" data-e-type=\"widget\" data-widget_type=\"jet-breadcrumbs.default\">\n\t\t\t\t<div class=\"elementor-widget-container\">\n\t\t\t\t\t<div class=\"elementor-jet-breadcrumbs jet-blocks\">\n\t\t<div class=\"jet-breadcrumbs\">\n\t\t<div class=\"jet-breadcrumbs__content\">\n\t\t<div class=\"jet-breadcrumbs__wrap\"><div class=\"jet-breadcrumbs__item\"><a href=\"https:\/\/vorlage.bi.glpch2.dev\/fr\/\" class=\"jet-breadcrumbs__item-link is-home\" rel=\"home\" title=\"\">  <\/a><\/div>\n\t\t<\/div>\n\t\t<\/div>\n\t\t<\/div><\/div>\t\t\t\t<\/div>\n\t\t\t\t<\/div>\n\t\t\t\t\t<\/div>\n\t\t\t\t<\/div>\n\t\t<div class=\"elementor-element elementor-element-ccc7883 e-con-full e-flex e-con e-child\" data-id=\"ccc7883\" data-element_type=\"container\" data-e-type=\"container\">\n\t\t<div class=\"elementor-element elementor-element-4a4f8584 e-con-full e-flex e-con e-child\" data-id=\"4a4f8584\" data-element_type=\"container\" data-e-type=\"container\">\n\t\t\t\t<div class=\"elementor-element elementor-element-164b21f0 elementor-widget elementor-widget-heading\" data-id=\"164b21f0\" data-element_type=\"widget\" data-e-type=\"widget\" data-widget_type=\"heading.default\">\n\t\t\t\t<div class=\"elementor-widget-container\">\n\t\t\t\t\t<h2 class=\"elementor-heading-title elementor-size-default\">FAQ<\/h2>\t\t\t\t<\/div>\n\t\t\t\t<\/div>\n\t\t\t\t<\/div>\n\t\t<div class=\"elementor-element elementor-element-4552293c e-con-full e-flex e-con e-child\" data-id=\"4552293c\" data-element_type=\"container\" data-e-type=\"container\">\n\t\t\t\t<div class=\"elementor-element elementor-element-7be6ec6a elementor-widget elementor-widget-heading\" data-id=\"7be6ec6a\" data-element_type=\"widget\" data-e-type=\"widget\" data-widget_type=\"heading.default\">\n\t\t\t\t<div class=\"elementor-widget-container\">\n\t\t\t\t\t<h1 class=\"elementor-heading-title elementor-size-default\">Nos valeurs<\/h1>\t\t\t\t<\/div>\n\t\t\t\t<\/div>\n\t\t\t\t<div class=\"elementor-element elementor-element-4587112c elementor-widget elementor-widget-spacer\" data-id=\"4587112c\" data-element_type=\"widget\" data-e-type=\"widget\" data-widget_type=\"spacer.default\">\n\t\t\t\t<div class=\"elementor-widget-container\">\n\t\t\t\t\t\t\t<div class=\"elementor-spacer\">\n\t\t\t<div class=\"elementor-spacer-inner\"><\/div>\n\t\t<\/div>\n\t\t\t\t\t\t<\/div>\n\t\t\t\t<\/div>\n\t\t\t\t<div class=\"elementor-element elementor-element-75085e35 elementor-widget elementor-widget-text-editor\" data-id=\"75085e35\" data-element_type=\"widget\" data-e-type=\"widget\" data-widget_type=\"text-editor.default\">\n\t\t\t\t<div class=\"elementor-widget-container\">\n\t\t\t\t\t\t\t\t\t<div class=\"intro composed\">\n<div class=\"lead\">Au travers du FAQ ci-dessous, nous souhaitons vous pr\u00e9senter en un coup d\u2019oeil le PVL, ses valeurs fondamentales et ses positions les plus importantes.<\/div>\n<\/div>\n\t\t\t\t\t\t\t\t<\/div>\n\t\t\t\t<\/div>\n\t\t\t\t<\/div>\n\t\t\t\t<\/div>\n\t\t\t\t\t<\/div>\n\t\t\t\t<\/div>\n\t\t\t\t<\/div>\n\t\t<div class=\"elementor-element elementor-element-c64d260 e-flex e-con-boxed e-con e-child\" data-id=\"c64d260\" data-element_type=\"container\" data-e-type=\"container\">\n\t\t\t\t\t<div class=\"e-con-inner\">\n\t\t<div class=\"elementor-element elementor-element-080ade1 e-con-full e-flex e-con e-child\" data-id=\"080ade1\" data-element_type=\"container\" data-e-type=\"container\">\n\t\t<div class=\"elementor-element elementor-element-8c13d88 e-con-full elementor-hidden-tablet elementor-hidden-mobile e-flex e-con e-child\" data-id=\"8c13d88\" data-element_type=\"container\" data-e-type=\"container\">\n\t\t\t\t<\/div>\n\t\t<div class=\"elementor-element elementor-element-babefe7 e-con-full e-flex e-con e-child\" data-id=\"babefe7\" data-element_type=\"container\" data-e-type=\"container\">\n\t\t\t\t<div class=\"elementor-element elementor-element-9722bf4 elementor-widget elementor-widget-toggle\" data-id=\"9722bf4\" data-element_type=\"widget\" data-e-type=\"widget\" data-widget_type=\"toggle.default\">\n\t\t\t\t<div class=\"elementor-widget-container\">\n\t\t\t\t\t\t\t<div class=\"elementor-toggle\">\n\t\t\t\t\t\t\t<div class=\"elementor-toggle-item\">\n\t\t\t\t\t<div id=\"elementor-tab-title-1581\" class=\"elementor-tab-title\" data-tab=\"1\" role=\"button\" aria-controls=\"elementor-tab-content-1581\" aria-expanded=\"false\">\n\t\t\t\t\t\t\t\t\t\t\t\t<span class=\"elementor-toggle-icon elementor-toggle-icon-right\" aria-hidden=\"true\">\n\t\t\t\t\t\t\t\t\t\t\t\t\t\t\t<span class=\"elementor-toggle-icon-closed\"><svg class=\"e-font-icon-svg e-fas-plus\" viewBox=\"0 0 448 512\" xmlns=\"http:\/\/www.w3.org\/2000\/svg\"><path d=\"M416 208H272V64c0-17.67-14.33-32-32-32h-32c-17.67 0-32 14.33-32 32v144H32c-17.67 0-32 14.33-32 32v32c0 17.67 14.33 32 32 32h144v144c0 17.67 14.33 32 32 32h32c17.67 0 32-14.33 32-32V304h144c17.67 0 32-14.33 32-32v-32c0-17.67-14.33-32-32-32z\"><\/path><\/svg><\/span>\n\t\t\t\t\t\t\t\t<span class=\"elementor-toggle-icon-opened\"><svg class=\"elementor-toggle-icon-opened e-font-icon-svg e-fas-minus\" viewBox=\"0 0 448 512\" xmlns=\"http:\/\/www.w3.org\/2000\/svg\"><path d=\"M416 208H32c-17.67 0-32 14.33-32 32v32c0 17.67 14.33 32 32 32h384c17.67 0 32-14.33 32-32v-32c0-17.67-14.33-32-32-32z\"><\/path><\/svg><\/span>\n\t\t\t\t\t\t\t\t\t\t\t\t\t<\/span>\n\t\t\t\t\t\t\t\t\t\t\t\t<a class=\"elementor-toggle-title\" tabindex=\"0\">Le PVL est-il de droite ou de gauche ?<\/a>\n\t\t\t\t\t<\/div>\n\n\t\t\t\t\t<div id=\"elementor-tab-content-1581\" class=\"elementor-tab-content elementor-clearfix\" data-tab=\"1\" role=\"region\" aria-labelledby=\"elementor-tab-title-1581\"><div><span lang=\"FR-CH\">Ni de droite, ni de gauche, mais progressiste. En tant que Parti progressiste, nous recherchons des solutions constructives pour fa\u00e7onner une Suisse moderne, durable et ouverte. Nous misons pour cela sur une collaboration avec les autres partis et \u00e9laborons des compromis afin de trouver une troisi\u00e8me voie.<\/span><\/div>\n<\/div>\n\t\t\t\t<\/div>\n\t\t\t\t\t\t\t<div class=\"elementor-toggle-item\">\n\t\t\t\t\t<div id=\"elementor-tab-title-1582\" class=\"elementor-tab-title\" data-tab=\"2\" role=\"button\" aria-controls=\"elementor-tab-content-1582\" aria-expanded=\"false\">\n\t\t\t\t\t\t\t\t\t\t\t\t<span class=\"elementor-toggle-icon elementor-toggle-icon-right\" aria-hidden=\"true\">\n\t\t\t\t\t\t\t\t\t\t\t\t\t\t\t<span class=\"elementor-toggle-icon-closed\"><svg class=\"e-font-icon-svg e-fas-plus\" viewBox=\"0 0 448 512\" xmlns=\"http:\/\/www.w3.org\/2000\/svg\"><path d=\"M416 208H272V64c0-17.67-14.33-32-32-32h-32c-17.67 0-32 14.33-32 32v144H32c-17.67 0-32 14.33-32 32v32c0 17.67 14.33 32 32 32h144v144c0 17.67 14.33 32 32 32h32c17.67 0 32-14.33 32-32V304h144c17.67 0 32-14.33 32-32v-32c0-17.67-14.33-32-32-32z\"><\/path><\/svg><\/span>\n\t\t\t\t\t\t\t\t<span class=\"elementor-toggle-icon-opened\"><svg class=\"elementor-toggle-icon-opened e-font-icon-svg e-fas-minus\" viewBox=\"0 0 448 512\" xmlns=\"http:\/\/www.w3.org\/2000\/svg\"><path d=\"M416 208H32c-17.67 0-32 14.33-32 32v32c0 17.67 14.33 32 32 32h384c17.67 0 32-14.33 32-32v-32c0-17.67-14.33-32-32-32z\"><\/path><\/svg><\/span>\n\t\t\t\t\t\t\t\t\t\t\t\t\t<\/span>\n\t\t\t\t\t\t\t\t\t\t\t\t<a class=\"elementor-toggle-title\" tabindex=\"0\">Vert et lib\u00e9ral\u2013 n\u2019est-ce-pas une contradiction ?<\/a>\n\t\t\t\t\t<\/div>\n\n\t\t\t\t\t<div id=\"elementor-tab-content-1582\" class=\"elementor-tab-content elementor-clearfix\" data-tab=\"2\" role=\"region\" aria-labelledby=\"elementor-tab-title-1582\"><div><span lang=\"FR-CH\">Non, cela n\u2019est pas une contradiction. D\u2019abord parce que le changement climatique repr\u00e9sente une grande menace pour notre sant\u00e9, notre s\u00e9curit\u00e9, l\u2019agriculture et bien plus encore \u2013 des domaines qui sont essentiels \u00e0 la stabilit\u00e9 et aux perspectives \u00e0 long-terme de notre \u00e9conomie. En m\u00eame temps, nous sommes convaincu\u00b7e\u00b7s que l\u2019ADN lib\u00e9ral et la force d\u2019innovation de la Suisse repr\u00e9sentent les meilleurs outils pour combattre efficacement le changement climatique \u2013 et g\u00e9n\u00e9rer de la prosp\u00e9rit\u00e9. C\u2019est pourquoi nous misons sur de bonnes incitations, le progr\u00e8s technologique et une approche de march\u00e9 au lieu de restrictions et d\u2019interdictions.<\/span><\/div>\n<\/div>\n\t\t\t\t<\/div>\n\t\t\t\t\t\t\t<div class=\"elementor-toggle-item\">\n\t\t\t\t\t<div id=\"elementor-tab-title-1583\" class=\"elementor-tab-title\" data-tab=\"3\" role=\"button\" aria-controls=\"elementor-tab-content-1583\" aria-expanded=\"false\">\n\t\t\t\t\t\t\t\t\t\t\t\t<span class=\"elementor-toggle-icon elementor-toggle-icon-right\" aria-hidden=\"true\">\n\t\t\t\t\t\t\t\t\t\t\t\t\t\t\t<span class=\"elementor-toggle-icon-closed\"><svg class=\"e-font-icon-svg e-fas-plus\" viewBox=\"0 0 448 512\" xmlns=\"http:\/\/www.w3.org\/2000\/svg\"><path d=\"M416 208H272V64c0-17.67-14.33-32-32-32h-32c-17.67 0-32 14.33-32 32v144H32c-17.67 0-32 14.33-32 32v32c0 17.67 14.33 32 32 32h144v144c0 17.67 14.33 32 32 32h32c17.67 0 32-14.33 32-32V304h144c17.67 0 32-14.33 32-32v-32c0-17.67-14.33-32-32-32z\"><\/path><\/svg><\/span>\n\t\t\t\t\t\t\t\t<span class=\"elementor-toggle-icon-opened\"><svg class=\"elementor-toggle-icon-opened e-font-icon-svg e-fas-minus\" viewBox=\"0 0 448 512\" xmlns=\"http:\/\/www.w3.org\/2000\/svg\"><path d=\"M416 208H32c-17.67 0-32 14.33-32 32v32c0 17.67 14.33 32 32 32h384c17.67 0 32-14.33 32-32v-32c0-17.67-14.33-32-32-32z\"><\/path><\/svg><\/span>\n\t\t\t\t\t\t\t\t\t\t\t\t\t<\/span>\n\t\t\t\t\t\t\t\t\t\t\t\t<a class=\"elementor-toggle-title\" tabindex=\"0\">Que signifie la durabilit\u00e9 ?<\/a>\n\t\t\t\t\t<\/div>\n\n\t\t\t\t\t<div id=\"elementor-tab-content-1583\" class=\"elementor-tab-content elementor-clearfix\" data-tab=\"3\" role=\"region\" aria-labelledby=\"elementor-tab-title-1583\"><p style=\"font-weight: 400;\">La durabilit\u00e9 englobe bien plus que le climat. Il s&rsquo;agit d&rsquo;agir dans tous les domaines de mani\u00e8re \u00e0 ce que les g\u00e9n\u00e9rations futures puissent \u00e9galement b\u00e9n\u00e9ficier d&rsquo;un monde o\u00f9 il fait bon vivre. Outre les aspects \u00e9cologiques, les facteurs \u00e9conomiques et sociaux jouent un r\u00f4le tout aussi important.<\/p>\n<p>&nbsp;<\/p>\n<p style=\"font-weight: 400;\">Le changement climatique reste toutefois un d\u00e9fi central de notre \u00e9poque. La Suisse doit respecter les dispositions de la loi climat et atteindre la neutralit\u00e9 carbone d&rsquo;ici 2050. Pour cela, nous avons besoin de plus d&rsquo;\u00e9nergies renouvelables (solaire, \u00e9olienne et hydraulique) afin de mettre fin \u00e0 notre d\u00e9pendance vis-\u00e0-vis des importations de p\u00e9trole et de gaz naturel. Parall\u00e8lement, la Suisse a le potentiel pour devenir l&rsquo;un des principaux sites de \u00ab\u00a0cleantech\u00a0\u00bb. Une protection ambitieuse du climat et une politique \u00e9nerg\u00e9tique intelligente offrent d&rsquo;\u00e9normes opportunit\u00e9s \u00e0 notre \u00e9conomie. La protection de la biodiversit\u00e9 est \u00e9galement d\u00e9cisive, car elle constitue la base de notre \u00e9conomie et de notre s\u00e9curit\u00e9 alimentaire. Toutes ces mesures impliquent une mobilit\u00e9 durable qui mise sur les transports publics, des pistes cyclables s\u00fbres et des v\u00e9hicules \u00e9lectriques plut\u00f4t que sur les voitures \u00e0 essence ou diesel. En outre, la durabilit\u00e9 comprend \u00e9galement une gestion responsable des finances publiques et de la pr\u00e9voyance vieillesse, afin de ne pas laisser un fardeau de dettes aux g\u00e9n\u00e9rations futures et de garantir des retraites \u00e9quitables.<\/p>\n<\/div>\n\t\t\t\t<\/div>\n\t\t\t\t\t\t\t<div class=\"elementor-toggle-item\">\n\t\t\t\t\t<div id=\"elementor-tab-title-1584\" class=\"elementor-tab-title\" data-tab=\"4\" role=\"button\" aria-controls=\"elementor-tab-content-1584\" aria-expanded=\"false\">\n\t\t\t\t\t\t\t\t\t\t\t\t<span class=\"elementor-toggle-icon elementor-toggle-icon-right\" aria-hidden=\"true\">\n\t\t\t\t\t\t\t\t\t\t\t\t\t\t\t<span class=\"elementor-toggle-icon-closed\"><svg class=\"e-font-icon-svg e-fas-plus\" viewBox=\"0 0 448 512\" xmlns=\"http:\/\/www.w3.org\/2000\/svg\"><path d=\"M416 208H272V64c0-17.67-14.33-32-32-32h-32c-17.67 0-32 14.33-32 32v144H32c-17.67 0-32 14.33-32 32v32c0 17.67 14.33 32 32 32h144v144c0 17.67 14.33 32 32 32h32c17.67 0 32-14.33 32-32V304h144c17.67 0 32-14.33 32-32v-32c0-17.67-14.33-32-32-32z\"><\/path><\/svg><\/span>\n\t\t\t\t\t\t\t\t<span class=\"elementor-toggle-icon-opened\"><svg class=\"elementor-toggle-icon-opened e-font-icon-svg e-fas-minus\" viewBox=\"0 0 448 512\" xmlns=\"http:\/\/www.w3.org\/2000\/svg\"><path d=\"M416 208H32c-17.67 0-32 14.33-32 32v32c0 17.67 14.33 32 32 32h384c17.67 0 32-14.33 32-32v-32c0-17.67-14.33-32-32-32z\"><\/path><\/svg><\/span>\n\t\t\t\t\t\t\t\t\t\t\t\t\t<\/span>\n\t\t\t\t\t\t\t\t\t\t\t\t<a class=\"elementor-toggle-title\" tabindex=\"0\">Qu\u2019est-ce que le lib\u00e9ralisme ?<\/a>\n\t\t\t\t\t<\/div>\n\n\t\t\t\t\t<div id=\"elementor-tab-content-1584\" class=\"elementor-tab-content elementor-clearfix\" data-tab=\"4\" role=\"region\" aria-labelledby=\"elementor-tab-title-1584\"><p style=\"font-weight: 400;\">La Suisse est un pays \u00e9conomiquement dynamique et ce succ\u00e8s constitue la base de notre prosp\u00e9rit\u00e9. Pour le pr\u00e9server, nous devons cr\u00e9er des conditions-cadres optimales pour notre \u00e9conomie, sans imposer aux entreprises des r\u00e8gles et des imp\u00f4ts inutiles. Une coop\u00e9ration \u00e9troite avec l&rsquo;UE et le libre acc\u00e8s au march\u00e9 int\u00e9rieur europ\u00e9en sont essentiels \u00e0 cet \u00e9gard.<\/p>\n<p>&nbsp;<\/p>\n<p style=\"font-weight: 400;\">Notre conception du lib\u00e9ralisme \u00e9conomique ne signifie toutefois pas que le march\u00e9 doit \u00eatre laiss\u00e9 \u00e0 des forces d\u00e9brid\u00e9es. Nous misons sur des investissements cibl\u00e9s dans la formation et la recherche, afin que la Suisse reste un pays d&rsquo;opportunit\u00e9s pour toutes et tous. En fin de compte, plus notre \u00e9conomie est productive, mieux nous pouvons soutenir les plus vuln\u00e9rables dans notre soci\u00e9t\u00e9.<\/p>\n<\/div>\n\t\t\t\t<\/div>\n\t\t\t\t\t\t\t<div class=\"elementor-toggle-item\">\n\t\t\t\t\t<div id=\"elementor-tab-title-1585\" class=\"elementor-tab-title\" data-tab=\"5\" role=\"button\" aria-controls=\"elementor-tab-content-1585\" aria-expanded=\"false\">\n\t\t\t\t\t\t\t\t\t\t\t\t<span class=\"elementor-toggle-icon elementor-toggle-icon-right\" aria-hidden=\"true\">\n\t\t\t\t\t\t\t\t\t\t\t\t\t\t\t<span class=\"elementor-toggle-icon-closed\"><svg class=\"e-font-icon-svg e-fas-plus\" viewBox=\"0 0 448 512\" xmlns=\"http:\/\/www.w3.org\/2000\/svg\"><path d=\"M416 208H272V64c0-17.67-14.33-32-32-32h-32c-17.67 0-32 14.33-32 32v144H32c-17.67 0-32 14.33-32 32v32c0 17.67 14.33 32 32 32h144v144c0 17.67 14.33 32 32 32h32c17.67 0 32-14.33 32-32V304h144c17.67 0 32-14.33 32-32v-32c0-17.67-14.33-32-32-32z\"><\/path><\/svg><\/span>\n\t\t\t\t\t\t\t\t<span class=\"elementor-toggle-icon-opened\"><svg class=\"elementor-toggle-icon-opened e-font-icon-svg e-fas-minus\" viewBox=\"0 0 448 512\" xmlns=\"http:\/\/www.w3.org\/2000\/svg\"><path d=\"M416 208H32c-17.67 0-32 14.33-32 32v32c0 17.67 14.33 32 32 32h384c17.67 0 32-14.33 32-32v-32c0-17.67-14.33-32-32-32z\"><\/path><\/svg><\/span>\n\t\t\t\t\t\t\t\t\t\t\t\t\t<\/span>\n\t\t\t\t\t\t\t\t\t\t\t\t<a class=\"elementor-toggle-title\" tabindex=\"0\">Quelle est la vision vert\u2019lib\u00e9rale d\u2019une soci\u00e9t\u00e9 moderne ? <\/a>\n\t\t\t\t\t<\/div>\n\n\t\t\t\t\t<div id=\"elementor-tab-content-1585\" class=\"elementor-tab-content elementor-clearfix\" data-tab=\"5\" role=\"region\" aria-labelledby=\"elementor-tab-title-1585\"><p style=\"font-weight: 400;\">Nous ne nous consid\u00e9rons pas seulement comme lib\u00e9raux sur le plan \u00e9conomique, mais aussi sur le plan soci\u00e9tal. Notre vision d&rsquo;une soci\u00e9t\u00e9 moderne est bas\u00e9e sur l&rsquo;\u00e9galit\u00e9 des droits, l&rsquo;\u00e9galit\u00e9 des chances et l&rsquo;ouverture. Nous nous engageons \u00e0 ce que les hommes et les femmes aient les m\u00eames chances et \u00e0 ce que des conditions cadres favorables aux familles, telles que la garde des enfants et l&rsquo;imposition individuelle, soient garanties. Il est essentiel que tou\u00b7te\u00b7s ce\u00b7lles\u00b7ux qui le souhaitent puissent exercer une activit\u00e9 professionnelle, surtout \u00e0 un moment o\u00f9 la Suisse est confront\u00e9e \u00e0 une grave p\u00e9nurie de main-d&rsquo;\u0153uvre qualifi\u00e9e.<\/p>\n<p>&nbsp;<\/p>\n<p style=\"font-weight: 400;\">Parall\u00e8lement, nous visons l&rsquo;\u00e9galit\u00e9 totale des personnes LGBT, afin que tous jouissent des m\u00eames droits, ind\u00e9pendamment de leur orientation sexuelle. Nous luttons contre toute forme de discrimination et nous nous engageons pour un syst\u00e8me de sant\u00e9 \u00e9quitable, efficace et de haute qualit\u00e9, accessible \u00e0 toutes et tous.<\/p>\n<p>&nbsp;<\/p>\n<p style=\"font-weight: 400;\">Notre objectif est clair : une Suisse ouverte et porteuse d&rsquo;avenir, dans laquelle la diversit\u00e9, la tol\u00e9rance et la justice sociale vont de soi.<\/p>\n<\/div>\n\t\t\t\t<\/div>\n\t\t\t\t\t\t\t<div class=\"elementor-toggle-item\">\n\t\t\t\t\t<div id=\"elementor-tab-title-1586\" class=\"elementor-tab-title\" data-tab=\"6\" role=\"button\" aria-controls=\"elementor-tab-content-1586\" aria-expanded=\"false\">\n\t\t\t\t\t\t\t\t\t\t\t\t<span class=\"elementor-toggle-icon elementor-toggle-icon-right\" aria-hidden=\"true\">\n\t\t\t\t\t\t\t\t\t\t\t\t\t\t\t<span class=\"elementor-toggle-icon-closed\"><svg class=\"e-font-icon-svg e-fas-plus\" viewBox=\"0 0 448 512\" xmlns=\"http:\/\/www.w3.org\/2000\/svg\"><path d=\"M416 208H272V64c0-17.67-14.33-32-32-32h-32c-17.67 0-32 14.33-32 32v144H32c-17.67 0-32 14.33-32 32v32c0 17.67 14.33 32 32 32h144v144c0 17.67 14.33 32 32 32h32c17.67 0 32-14.33 32-32V304h144c17.67 0 32-14.33 32-32v-32c0-17.67-14.33-32-32-32z\"><\/path><\/svg><\/span>\n\t\t\t\t\t\t\t\t<span class=\"elementor-toggle-icon-opened\"><svg class=\"elementor-toggle-icon-opened e-font-icon-svg e-fas-minus\" viewBox=\"0 0 448 512\" xmlns=\"http:\/\/www.w3.org\/2000\/svg\"><path d=\"M416 208H32c-17.67 0-32 14.33-32 32v32c0 17.67 14.33 32 32 32h384c17.67 0 32-14.33 32-32v-32c0-17.67-14.33-32-32-32z\"><\/path><\/svg><\/span>\n\t\t\t\t\t\t\t\t\t\t\t\t\t<\/span>\n\t\t\t\t\t\t\t\t\t\t\t\t<a class=\"elementor-toggle-title\" tabindex=\"0\">Quel r\u00f4le la Suisse devrait-elle assumer dans le monde ?<\/a>\n\t\t\t\t\t<\/div>\n\n\t\t\t\t\t<div id=\"elementor-tab-content-1586\" class=\"elementor-tab-content elementor-clearfix\" data-tab=\"6\" role=\"region\" aria-labelledby=\"elementor-tab-title-1586\"><p style=\"font-weight: 400;\">La Suisse n&rsquo;est pas une \u00eele : malgr\u00e9 notre taille modeste, nous faisons partie des 20 plus grandes \u00e9conomies du monde et avons donc une responsabilit\u00e9 internationale particuli\u00e8re que nous devons traiter avec s\u00e9rieux. Notre prosp\u00e9rit\u00e9 ne repose pas sur des ressources naturelles, mais sur des \u00e9changes intensifs avec le reste du monde. Ces \u00e9changes ne concernent pas seulement le libre-\u00e9change, mais aussi la coop\u00e9ration dans des domaines tels que la recherche, la protection du climat et nos traditions humanitaires et diplomatiques. Il est donc essentiel que nous continuions \u00e0 entretenir des relations ouvertes avec d&rsquo;autres pays et que nous soyons activement repr\u00e9sent\u00e9\u00b7e\u00b7s dans les r\u00e9seaux internationaux.<\/p>\n<p>&nbsp;<\/p>\n<p style=\"font-weight: 400;\">Parall\u00e8lement, il en va de notre responsabilit\u00e9 d&rsquo;offrir une protection aux personnes dans le besoin et de leur donner la possibilit\u00e9 de r\u00e9ussir leur int\u00e9gration. En outre, nous sommes tributaires des sp\u00e9cialistes hautement qualifi\u00e9\u00b7e\u00b7s venu\u00b7e\u00b7s de l&rsquo;\u00e9tranger, qui contribuent de mani\u00e8re d\u00e9terminante \u00e0 la vigueur de notre \u00e9conomie. Nous sommes reconnaissants que la Suisse soit un site attractif pour les talents du monde entier et nous mettons tout en \u0153uvre pour qu&rsquo;il en soit ainsi \u00e0 l&rsquo;avenir \u00e9galement.<\/p>\n<p>&nbsp;<\/p>\n<p style=\"font-weight: 400;\">Notre politique de s\u00e9curit\u00e9 repose sur trois piliers : une arm\u00e9e moderne et bien \u00e9quip\u00e9e, une coop\u00e9ration renforc\u00e9e avec des partenaires partageant les m\u00eames valeurs et des investissements cibl\u00e9s dans la paix par le biais de la coop\u00e9ration internationale, afin de lutter \u00e0 long terme contre les causes profondes de conflits telles que le manque d&rsquo;\u00e9ducation et la pauvret\u00e9.<\/p>\n<\/div>\n\t\t\t\t<\/div>\n\t\t\t\t\t\t\t<div class=\"elementor-toggle-item\">\n\t\t\t\t\t<div id=\"elementor-tab-title-1587\" class=\"elementor-tab-title\" data-tab=\"7\" role=\"button\" aria-controls=\"elementor-tab-content-1587\" aria-expanded=\"false\">\n\t\t\t\t\t\t\t\t\t\t\t\t<span class=\"elementor-toggle-icon elementor-toggle-icon-right\" aria-hidden=\"true\">\n\t\t\t\t\t\t\t\t\t\t\t\t\t\t\t<span class=\"elementor-toggle-icon-closed\"><svg class=\"e-font-icon-svg e-fas-plus\" viewBox=\"0 0 448 512\" xmlns=\"http:\/\/www.w3.org\/2000\/svg\"><path d=\"M416 208H272V64c0-17.67-14.33-32-32-32h-32c-17.67 0-32 14.33-32 32v144H32c-17.67 0-32 14.33-32 32v32c0 17.67 14.33 32 32 32h144v144c0 17.67 14.33 32 32 32h32c17.67 0 32-14.33 32-32V304h144c17.67 0 32-14.33 32-32v-32c0-17.67-14.33-32-32-32z\"><\/path><\/svg><\/span>\n\t\t\t\t\t\t\t\t<span class=\"elementor-toggle-icon-opened\"><svg class=\"elementor-toggle-icon-opened e-font-icon-svg e-fas-minus\" viewBox=\"0 0 448 512\" xmlns=\"http:\/\/www.w3.org\/2000\/svg\"><path d=\"M416 208H32c-17.67 0-32 14.33-32 32v32c0 17.67 14.33 32 32 32h384c17.67 0 32-14.33 32-32v-32c0-17.67-14.33-32-32-32z\"><\/path><\/svg><\/span>\n\t\t\t\t\t\t\t\t\t\t\t\t\t<\/span>\n\t\t\t\t\t\t\t\t\t\t\t\t<a class=\"elementor-toggle-title\" tabindex=\"0\">Comment faisons-nous de la politique ?<\/a>\n\t\t\t\t\t<\/div>\n\n\t\t\t\t\t<div id=\"elementor-tab-content-1587\" class=\"elementor-tab-content elementor-clearfix\" data-tab=\"7\" role=\"region\" aria-labelledby=\"elementor-tab-title-1587\"><p style=\"font-weight: 400;\">Nous misons sur des solutions \u00e9quilibr\u00e9es et pragmatiques qui traitent les d\u00e9fis complexes de mani\u00e8re holistique. Pour ce faire, nous recherchons activement des approches praticables en abordant les probl\u00e8mes de mani\u00e8re objective et rationnelle, plut\u00f4t que de chercher les prochains gros titres et de r\u00e9agir de mani\u00e8re bruyante.<\/p>\n<\/div>\n\t\t\t\t<\/div>\n\t\t\t\t\t\t\t\t<\/div>\n\t\t\t\t\t\t<\/div>\n\t\t\t\t<\/div>\n\t\t\t\t<\/div>\n\t\t\t\t<\/div>\n\t\t\t\t\t<\/div>\n\t\t\t\t<\/div>\n\t\t\t\t<\/div>\n\t\t","protected":false},"excerpt":{"rendered":"<p>FAQ Nos valeurs Au travers du FAQ ci-dessous, nous souhaitons vous pr\u00e9senter en un coup d\u2019oeil le PVL, ses valeurs fondamentales et ses positions les plus importantes. Le PVL est-il de droite ou de gauche ? Ni de droite, ni de gauche, mais progressiste. En tant que Parti progressiste, nous recherchons des solutions constructives pour [&hellip;]<\/p>\n","protected":false},"author":1,"featured_media":0,"parent":10679,"menu_order":0,"comment_status":"closed","ping_status":"closed","template":"","meta":{"footnotes":""},"class_list":["post-17920","page","type-page","status-publish","hentry"],"_links":{"self":[{"href":"https:\/\/vorlage.bi.glpch2.dev\/fr\/wp-json\/wp\/v2\/pages\/17920","targetHints":{"allow":["GET"]}}],"collection":[{"href":"https:\/\/vorlage.bi.glpch2.dev\/fr\/wp-json\/wp\/v2\/pages"}],"about":[{"href":"https:\/\/vorlage.bi.glpch2.dev\/fr\/wp-json\/wp\/v2\/types\/page"}],"author":[{"embeddable":true,"href":"https:\/\/vorlage.bi.glpch2.dev\/fr\/wp-json\/wp\/v2\/users\/1"}],"replies":[{"embeddable":true,"href":"https:\/\/vorlage.bi.glpch2.dev\/fr\/wp-json\/wp\/v2\/comments?post=17920"}],"version-history":[{"count":0,"href":"https:\/\/vorlage.bi.glpch2.dev\/fr\/wp-json\/wp\/v2\/pages\/17920\/revisions"}],"up":[{"embeddable":true,"href":"https:\/\/vorlage.bi.glpch2.dev\/fr\/wp-json\/wp\/v2\/pages\/10679"}],"wp:attachment":[{"href":"https:\/\/vorlage.bi.glpch2.dev\/fr\/wp-json\/wp\/v2\/media?parent=17920"}],"curies":[{"name":"wp","href":"https:\/\/api.w.org\/{rel}","templated":true}]}}