{"id":18442,"date":"2024-05-24T09:12:44","date_gmt":"2024-05-24T07:12:44","guid":{"rendered":"https:\/\/vorlage.bi.glpch2.dev\/impressum\/"},"modified":"2024-10-28T11:07:46","modified_gmt":"2024-10-28T10:07:46","slug":"impressum","status":"publish","type":"page","link":"https:\/\/vorlage.bi.glpch2.dev\/fr\/impressum\/","title":{"rendered":"Impressum"},"content":{"rendered":"\t\t<div data-elementor-type=\"wp-page\" data-elementor-id=\"18442\" class=\"elementor elementor-18442 elementor-784\" data-elementor-post-type=\"page\">\n\t\t\t\t<div class=\"elementor-element elementor-element-3bcbab79 e-con-full e-flex e-con e-parent\" data-id=\"3bcbab79\" data-element_type=\"container\" data-e-type=\"container\">\n\t\t<div class=\"elementor-element elementor-element-334bbc2 e-con-full e-flex e-con e-child\" data-id=\"334bbc2\" data-element_type=\"container\" data-e-type=\"container\" data-settings=\"{&quot;background_background&quot;:&quot;classic&quot;}\">\n\t\t\t\t<\/div>\n\t\t<div class=\"elementor-element elementor-element-63c9c9f2 e-flex e-con-boxed e-con e-child\" data-id=\"63c9c9f2\" data-element_type=\"container\" data-e-type=\"container\">\n\t\t\t\t\t<div class=\"e-con-inner\">\n\t\t<div class=\"elementor-element elementor-element-1491d291 e-flex e-con-boxed e-con e-child\" data-id=\"1491d291\" data-element_type=\"container\" data-e-type=\"container\">\n\t\t\t\t\t<div class=\"e-con-inner\">\n\t\t\t\t<div class=\"elementor-element elementor-element-422f5e1c elementor-widget elementor-widget-jet-breadcrumbs\" data-id=\"422f5e1c\" data-element_type=\"widget\" data-e-type=\"widget\" data-widget_type=\"jet-breadcrumbs.default\">\n\t\t\t\t<div class=\"elementor-widget-container\">\n\t\t\t\t\t<div class=\"elementor-jet-breadcrumbs jet-blocks\">\n\t\t<div class=\"jet-breadcrumbs\">\n\t\t<div class=\"jet-breadcrumbs__content\">\n\t\t<div class=\"jet-breadcrumbs__wrap\"><div class=\"jet-breadcrumbs__item\"><a href=\"https:\/\/vorlage.bi.glpch2.dev\/fr\/\" class=\"jet-breadcrumbs__item-link is-home\" rel=\"home\" title=\"\">  <\/a><\/div>\n\t\t<\/div>\n\t\t<\/div>\n\t\t<\/div><\/div>\t\t\t\t<\/div>\n\t\t\t\t<\/div>\n\t\t\t\t\t<\/div>\n\t\t\t\t<\/div>\n\t\t<div class=\"elementor-element elementor-element-12be1dca e-con-full e-flex e-con e-child\" data-id=\"12be1dca\" data-element_type=\"container\" data-e-type=\"container\">\n\t\t<div class=\"elementor-element elementor-element-16376258 e-con-full e-flex e-con e-child\" data-id=\"16376258\" data-element_type=\"container\" data-e-type=\"container\">\n\t\t\t\t<div class=\"elementor-element elementor-element-602aafac elementor-widget elementor-widget-heading\" data-id=\"602aafac\" data-element_type=\"widget\" data-e-type=\"widget\" data-widget_type=\"heading.default\">\n\t\t\t\t<div class=\"elementor-widget-container\">\n\t\t\t\t\t<h2 class=\"elementor-heading-title elementor-size-default\">Impressum<\/h2>\t\t\t\t<\/div>\n\t\t\t\t<\/div>\n\t\t\t\t<\/div>\n\t\t<div class=\"elementor-element elementor-element-63e0b5a3 e-con-full e-flex e-con e-child\" data-id=\"63e0b5a3\" data-element_type=\"container\" data-e-type=\"container\">\n\t\t\t\t<div class=\"elementor-element elementor-element-5e9343c3 elementor-widget elementor-widget-heading\" data-id=\"5e9343c3\" data-element_type=\"widget\" data-e-type=\"widget\" data-widget_type=\"heading.default\">\n\t\t\t\t<div class=\"elementor-widget-container\">\n\t\t\t\t\t<h1 class=\"elementor-heading-title elementor-size-default\">Impressum vertliberaux.ch<\/h1>\t\t\t\t<\/div>\n\t\t\t\t<\/div>\n\t\t\t\t<div class=\"elementor-element elementor-element-705e7f56 elementor-widget elementor-widget-spacer\" data-id=\"705e7f56\" data-element_type=\"widget\" data-e-type=\"widget\" data-widget_type=\"spacer.default\">\n\t\t\t\t<div class=\"elementor-widget-container\">\n\t\t\t\t\t\t\t<div class=\"elementor-spacer\">\n\t\t\t<div class=\"elementor-spacer-inner\"><\/div>\n\t\t<\/div>\n\t\t\t\t\t\t<\/div>\n\t\t\t\t<\/div>\n\t\t\t\t<div class=\"elementor-element elementor-element-bf5a0f4 elementor-widget elementor-widget-text-editor\" data-id=\"bf5a0f4\" data-element_type=\"widget\" data-e-type=\"widget\" data-widget_type=\"text-editor.default\">\n\t\t\t\t<div class=\"elementor-widget-container\">\n\t\t\t\t\t\t\t\t\t<p class=\"p1\"><span class=\"s1\"><b>Responsable<\/b><\/span><\/p>\n<p>Julie Cantalou, co-secr\u00e9taire g\u00e9n\u00e9ral<\/p>\n<p>Pascal Tischhausesr, co-secr\u00e9taire g\u00e9n\u00e9ral<\/p>\n<p><strong><br \/>\nWebmaster<\/strong><\/p>\n<p>Niculin Detrek\u00f6y, Responsable IT<\/p>\n<p>&nbsp;<\/p>\n<p><strong>Copyright<\/strong><\/p>\n<p>Le contenu de nos pages internet rel\u00e8ve du droit d\u2019auteur. Le parti vert\u2019lib\u00e9ral suisse permet la reprise de textes dans des stocks de donn\u00e9es exclusivement destin\u00e9s \u00e0 l\u2019utilisation interne au parti ou \u00e0 l\u2019usage d\u2019un priv\u00e9. Toute autre utilisation ou reprise n\u00e9cessite l\u2019accord du secr\u00e9tariat g\u00e9n\u00e9ral.<\/p>\n<p>&nbsp;<\/p>\n<p><strong>Responsabilit\u00e9<\/strong><\/p>\n<p>Notice l\u00e9gale : nous proposons aussi des liens externes vers des contenus d\u2019autres fournisseurs de contenus sur internet dans le cadre de notre site web. Comme nous n\u2019avons aucun contr\u00f4le sur le contenu de ces sites, les gestionnaires de ces autres sites sont les seuls responsables de leurs contenus. Malgr\u00e9 une v\u00e9rification soigneuse des contenus dans le cadre impos\u00e9 par la loi, nous d\u00e9clinons toute responsabilit\u00e9 quant au contenu de ces liens ou des pages li\u00e9es par un \u00e9l\u00e9ment de navigation.<\/p>\n<p>&nbsp;<\/p>\n<p><strong>Design et r\u00e9alisation t\u00e9chnique<\/strong><\/p>\n<p>pr24 GmbH<br \/>\nDorfstrasse 46<br \/>\n7220 Schiers<\/p>\n<p>Telefon: <a href=\"tel:+41815081313\">+41 81 508 13 13<\/a><br \/>\nE-Mail:\u00a0 <a href=\"mailto:kontakt@pr24.ch\">kontakt@pr24.ch<\/a><br \/>\nInternet: <a href=\"http:\/\/pr24.ch\">pr24.ch<\/a><\/p>\n<p>&nbsp;<\/p>\n<p><strong>Photos<\/strong><br \/>\npr24 GmbH, Hansj\u00f6rg Egger, Parti vert&rsquo;lib\u00e9ral Suisse<\/p>\n<p>&nbsp;<\/p>\n<p><strong>Contact<\/strong><\/p>\n<p>Parti vert&rsquo;lib\u00e9ral Suisse<br \/>\nMonbijoustrasse 30<br \/>\n3011\u00a0Berne<\/p>\n<p><a href=\"tel:+41313113303\">+41 31 311 33 03<\/a><br \/>\n<a href=\"mailto:suisse@vertliberaux.ch\">suisse@vertliberaux.ch<\/a><\/p>\n\t\t\t\t\t\t\t\t<\/div>\n\t\t\t\t<\/div>\n\t\t\t\t<\/div>\n\t\t\t\t<\/div>\n\t\t\t\t\t<\/div>\n\t\t\t\t<\/div>\n\t\t\t\t<\/div>\n\t\t\t\t<\/div>\n\t\t","protected":false},"excerpt":{"rendered":"<p>Impressum Impressum vertliberaux.ch Responsable Julie Cantalou, co-secr\u00e9taire g\u00e9n\u00e9ral Pascal Tischhausesr, co-secr\u00e9taire g\u00e9n\u00e9ral Webmaster Niculin Detrek\u00f6y, Responsable IT &nbsp; Copyright Le contenu de nos pages internet rel\u00e8ve du droit d\u2019auteur. Le parti vert\u2019lib\u00e9ral suisse permet la reprise de textes dans des stocks de donn\u00e9es exclusivement destin\u00e9s \u00e0 l\u2019utilisation interne au parti ou \u00e0 l\u2019usage d\u2019un priv\u00e9. [&hellip;]<\/p>\n","protected":false},"author":1,"featured_media":0,"parent":0,"menu_order":0,"comment_status":"closed","ping_status":"closed","template":"","meta":{"footnotes":""},"class_list":["post-18442","page","type-page","status-publish","hentry"],"_links":{"self":[{"href":"https:\/\/vorlage.bi.glpch2.dev\/fr\/wp-json\/wp\/v2\/pages\/18442","targetHints":{"allow":["GET"]}}],"collection":[{"href":"https:\/\/vorlage.bi.glpch2.dev\/fr\/wp-json\/wp\/v2\/pages"}],"about":[{"href":"https:\/\/vorlage.bi.glpch2.dev\/fr\/wp-json\/wp\/v2\/types\/page"}],"author":[{"embeddable":true,"href":"https:\/\/vorlage.bi.glpch2.dev\/fr\/wp-json\/wp\/v2\/users\/1"}],"replies":[{"embeddable":true,"href":"https:\/\/vorlage.bi.glpch2.dev\/fr\/wp-json\/wp\/v2\/comments?post=18442"}],"version-history":[{"count":0,"href":"https:\/\/vorlage.bi.glpch2.dev\/fr\/wp-json\/wp\/v2\/pages\/18442\/revisions"}],"wp:attachment":[{"href":"https:\/\/vorlage.bi.glpch2.dev\/fr\/wp-json\/wp\/v2\/media?parent=18442"}],"curies":[{"name":"wp","href":"https:\/\/api.w.org\/{rel}","templated":true}]}}