{"id":23268,"date":"2024-10-29T13:24:13","date_gmt":"2024-10-29T12:24:13","guid":{"rendered":"https:\/\/vorlage.bi.glpch2.dev\/statuts\/"},"modified":"2024-11-05T16:43:35","modified_gmt":"2024-11-05T15:43:35","slug":"statuts","status":"publish","type":"page","link":"https:\/\/vorlage.bi.glpch2.dev\/fr\/parti\/association\/statuts\/","title":{"rendered":"Statuts"},"content":{"rendered":"\t\t<div data-elementor-type=\"wp-page\" data-elementor-id=\"23268\" class=\"elementor elementor-23268 elementor-23254\" data-elementor-post-type=\"page\">\n\t\t\t\t<div class=\"elementor-element elementor-element-3537c03d e-con-full e-flex e-con e-parent\" data-id=\"3537c03d\" data-element_type=\"container\" data-e-type=\"container\">\n\t\t<div class=\"elementor-element elementor-element-402fa5bf e-con-full e-flex e-con e-child\" data-id=\"402fa5bf\" data-element_type=\"container\" data-e-type=\"container\" data-settings=\"{&quot;background_background&quot;:&quot;classic&quot;}\">\n\t\t\t\t<\/div>\n\t\t<div class=\"elementor-element elementor-element-1d7e6bd0 e-flex e-con-boxed e-con e-child\" data-id=\"1d7e6bd0\" data-element_type=\"container\" data-e-type=\"container\">\n\t\t\t\t\t<div class=\"e-con-inner\">\n\t\t<div class=\"elementor-element elementor-element-6b8edb01 e-flex e-con-boxed e-con e-child\" data-id=\"6b8edb01\" data-element_type=\"container\" data-e-type=\"container\">\n\t\t\t\t\t<div class=\"e-con-inner\">\n\t\t\t\t<div class=\"elementor-element elementor-element-24b23577 elementor-widget elementor-widget-jet-breadcrumbs\" data-id=\"24b23577\" data-element_type=\"widget\" data-e-type=\"widget\" data-widget_type=\"jet-breadcrumbs.default\">\n\t\t\t\t<div class=\"elementor-widget-container\">\n\t\t\t\t\t<div class=\"elementor-jet-breadcrumbs jet-blocks\">\n\t\t<div class=\"jet-breadcrumbs\">\n\t\t<div class=\"jet-breadcrumbs__content\">\n\t\t<div class=\"jet-breadcrumbs__wrap\"><div class=\"jet-breadcrumbs__item\"><a href=\"https:\/\/vorlage.bi.glpch2.dev\/fr\/\" class=\"jet-breadcrumbs__item-link is-home\" rel=\"home\" title=\"\">  <\/a><\/div>\n\t\t<\/div>\n\t\t<\/div>\n\t\t<\/div><\/div>\t\t\t\t<\/div>\n\t\t\t\t<\/div>\n\t\t\t\t\t<\/div>\n\t\t\t\t<\/div>\n\t\t<div class=\"elementor-element elementor-element-f3453f6 e-con-full e-flex e-con e-child\" data-id=\"f3453f6\" data-element_type=\"container\" data-e-type=\"container\">\n\t\t<div class=\"elementor-element elementor-element-28010820 e-con-full e-flex e-con e-child\" data-id=\"28010820\" data-element_type=\"container\" data-e-type=\"container\">\n\t\t\t\t<div class=\"elementor-element elementor-element-24c71509 elementor-widget elementor-widget-heading\" data-id=\"24c71509\" data-element_type=\"widget\" data-e-type=\"widget\" data-widget_type=\"heading.default\">\n\t\t\t\t<div class=\"elementor-widget-container\">\n\t\t\t\t\t<h2 class=\"elementor-heading-title elementor-size-default\">Parti<\/h2>\t\t\t\t<\/div>\n\t\t\t\t<\/div>\n\t\t\t\t<\/div>\n\t\t<div class=\"elementor-element elementor-element-7d907ffc e-con-full e-flex e-con e-child\" data-id=\"7d907ffc\" data-element_type=\"container\" data-e-type=\"container\">\n\t\t\t\t<div class=\"elementor-element elementor-element-12e12a23 elementor-widget elementor-widget-heading\" data-id=\"12e12a23\" data-element_type=\"widget\" data-e-type=\"widget\" data-widget_type=\"heading.default\">\n\t\t\t\t<div class=\"elementor-widget-container\">\n\t\t\t\t\t<h1 class=\"elementor-heading-title elementor-size-default\">Statuts des vert'lib\u00e9raux suisses <\/h1>\t\t\t\t<\/div>\n\t\t\t\t<\/div>\n\t\t\t\t<div class=\"elementor-element elementor-element-d94d268 elementor-widget elementor-widget-spacer\" data-id=\"d94d268\" data-element_type=\"widget\" data-e-type=\"widget\" data-widget_type=\"spacer.default\">\n\t\t\t\t<div class=\"elementor-widget-container\">\n\t\t\t\t\t\t\t<div class=\"elementor-spacer\">\n\t\t\t<div class=\"elementor-spacer-inner\"><\/div>\n\t\t<\/div>\n\t\t\t\t\t\t<\/div>\n\t\t\t\t<\/div>\n\t\t\t\t<div class=\"elementor-element elementor-element-7dc5fb7b elementor-widget elementor-widget-text-editor\" data-id=\"7dc5fb7b\" data-element_type=\"widget\" data-e-type=\"widget\" data-widget_type=\"text-editor.default\">\n\t\t\t\t<div class=\"elementor-widget-container\">\n\t\t\t\t\t\t\t\t\t<div class=\"elementor-element elementor-element-88d75a5 elementor-widget__width-initial elementor-widget elementor-widget-text-editor\" data-id=\"88d75a5\" data-element_type=\"widget\" data-widget_type=\"text-editor.default\">\n<div class=\"elementor-widget-container\">\n<div class=\"teaser-text\">\n<p>Les buts principaux des Vert\u2019lib\u00e9raux suisses sont :<\/p>\n<\/div>\n<\/div>\n<\/div>\n<div class=\"elementor-element elementor-element-14877fa elementor-icon-list--layout-traditional elementor-list-item-link-full_width elementor-widget elementor-widget-icon-list\" data-id=\"14877fa\" data-element_type=\"widget\" data-widget_type=\"icon-list.default\">\n<div class=\"elementor-widget-container\">\n<ul>\n<li><span class=\"elementor-icon-list-text\">la gestion responsable des ressources naturelles et humaines ;<\/span><\/li>\n<li><span class=\"elementor-icon-list-text\">l\u2019encouragement d\u2019une \u00e9conomie, des services et d\u2019une mobilit\u00e9 innovants fond\u00e9s sur des principes \u00e9cologiques, lib\u00e9raux et durables ;<\/span><\/li>\n<li><span class=\"elementor-icon-list-text\">la construction d\u2019une soci\u00e9t\u00e9 durable, \u00e9cologiquement responsable et socialement \u00e9quitable ;<\/span><\/li>\n<li><span class=\"elementor-icon-list-text\">l\u2019encouragement \u00e0 proposer des initiatives sens\u00e9es ;<\/span><\/li>\n<li><span class=\"elementor-icon-list-text\">la repr\u00e9sentation transparente des pr\u00e9occupations des partis aux autorit\u00e9s comp\u00e9tentes et au public.<\/span><\/li>\n<\/ul>\n<\/div>\n<\/div>\n\t\t\t\t\t\t\t\t<\/div>\n\t\t\t\t<\/div>\n\t\t\t\t<div class=\"elementor-element elementor-element-5db3758 elementor-widget elementor-widget-spacer\" data-id=\"5db3758\" data-element_type=\"widget\" data-e-type=\"widget\" data-widget_type=\"spacer.default\">\n\t\t\t\t<div class=\"elementor-widget-container\">\n\t\t\t\t\t\t\t<div class=\"elementor-spacer\">\n\t\t\t<div class=\"elementor-spacer-inner\"><\/div>\n\t\t<\/div>\n\t\t\t\t\t\t<\/div>\n\t\t\t\t<\/div>\n\t\t\t\t<div class=\"elementor-element elementor-element-ad2c6f5 elementor-widget elementor-widget-button\" data-id=\"ad2c6f5\" data-element_type=\"widget\" data-e-type=\"widget\" data-widget_type=\"button.default\">\n\t\t\t\t<div class=\"elementor-widget-container\">\n\t\t\t\t\t\t\t\t\t<div class=\"elementor-button-wrapper\">\n\t\t\t\t\t<a class=\"elementor-button elementor-button-link elementor-size-sm\" href=\"https:\/\/bi.glpch2.dev\/wp-content\/uploads\/sites\/2\/2024\/09\/Statuten_DV200704_FR.pdf\" target=\"_blank\">\n\t\t\t\t\t\t<span class=\"elementor-button-content-wrapper\">\n\t\t\t\t\t\t<span class=\"elementor-button-icon\">\n\t\t\t\t<svg xmlns=\"http:\/\/www.w3.org\/2000\/svg\" xmlns:xlink=\"http:\/\/www.w3.org\/1999\/xlink\" xmlns:serif=\"http:\/\/www.serif.com\/\" width=\"100%\" height=\"100%\" viewBox=\"0 0 17 17\" xml:space=\"preserve\" style=\"fill-rule:evenodd;clip-rule:evenodd;stroke-linejoin:round;stroke-miterlimit:2;\"><path d=\"M8.13,15.22l0,-10.634c0,-0.034 0.028,-0.062 0.062,-0.062l0.616,0c0.034,0 0.062,0.028 0.062,0.062l-0,10.635l3.732,-4.507c0.011,-0.012 0.026,-0.02 0.042,-0.022c0.016,-0.001 0.033,0.004 0.045,0.014l0.471,0.398c0.026,0.022 0.029,0.06 0.008,0.086l-4.608,5.544c-0.011,0.015 -0.029,0.023 -0.047,0.023c-0.018,-0 -0.036,-0.008 -0.047,-0.022l-4.633,-5.545c-0.022,-0.026 -0.019,-0.064 0.007,-0.086l0.471,-0.397c0.013,-0.011 0.029,-0.016 0.046,-0.014c0.016,0.001 0.031,0.009 0.042,0.022l3.731,4.505Z\"><\/path><\/svg>\t\t\t<\/span>\n\t\t\t\t\t\t\t\t\t<span class=\"elementor-button-text\">T\u00e9l\u00e9charger le PDF<\/span>\n\t\t\t\t\t<\/span>\n\t\t\t\t\t<\/a>\n\t\t\t\t<\/div>\n\t\t\t\t\t\t\t\t<\/div>\n\t\t\t\t<\/div>\n\t\t\t\t<\/div>\n\t\t\t\t<\/div>\n\t\t\t\t\t<\/div>\n\t\t\t\t<\/div>\n\t\t\t\t<\/div>\n\t\t\t\t<\/div>\n\t\t","protected":false},"excerpt":{"rendered":"<p>Parti Statuts des vert&rsquo;lib\u00e9raux suisses Les buts principaux des Vert\u2019lib\u00e9raux suisses sont : la gestion responsable des ressources naturelles et humaines ; l\u2019encouragement d\u2019une \u00e9conomie, des services et d\u2019une mobilit\u00e9 innovants fond\u00e9s sur des principes \u00e9cologiques, lib\u00e9raux et durables ; la construction d\u2019une soci\u00e9t\u00e9 durable, \u00e9cologiquement responsable et socialement \u00e9quitable ; l\u2019encouragement \u00e0 proposer des [&hellip;]<\/p>\n","protected":false},"author":1,"featured_media":0,"parent":23275,"menu_order":0,"comment_status":"closed","ping_status":"closed","template":"","meta":{"footnotes":""},"class_list":["post-23268","page","type-page","status-publish","hentry"],"_links":{"self":[{"href":"https:\/\/vorlage.bi.glpch2.dev\/fr\/wp-json\/wp\/v2\/pages\/23268","targetHints":{"allow":["GET"]}}],"collection":[{"href":"https:\/\/vorlage.bi.glpch2.dev\/fr\/wp-json\/wp\/v2\/pages"}],"about":[{"href":"https:\/\/vorlage.bi.glpch2.dev\/fr\/wp-json\/wp\/v2\/types\/page"}],"author":[{"embeddable":true,"href":"https:\/\/vorlage.bi.glpch2.dev\/fr\/wp-json\/wp\/v2\/users\/1"}],"replies":[{"embeddable":true,"href":"https:\/\/vorlage.bi.glpch2.dev\/fr\/wp-json\/wp\/v2\/comments?post=23268"}],"version-history":[{"count":0,"href":"https:\/\/vorlage.bi.glpch2.dev\/fr\/wp-json\/wp\/v2\/pages\/23268\/revisions"}],"up":[{"embeddable":true,"href":"https:\/\/vorlage.bi.glpch2.dev\/fr\/wp-json\/wp\/v2\/pages\/23275"}],"wp:attachment":[{"href":"https:\/\/vorlage.bi.glpch2.dev\/fr\/wp-json\/wp\/v2\/media?parent=23268"}],"curies":[{"name":"wp","href":"https:\/\/api.w.org\/{rel}","templated":true}]}}