{"id":24884,"date":"2024-12-11T12:25:20","date_gmt":"2024-12-11T11:25:20","guid":{"rendered":"https:\/\/vorlage.bi.glpch2.dev\/?page_id=24884"},"modified":"2024-12-11T12:37:14","modified_gmt":"2024-12-11T11:37:14","slug":"themes-du-parti-local-2","status":"publish","type":"page","link":"https:\/\/vorlage.bi.glpch2.dev\/fr\/partie-locale-1\/themes-du-parti-local-2\/","title":{"rendered":"Th\u00e8mes du parti local 2"},"content":{"rendered":"\t\t<div data-elementor-type=\"wp-page\" data-elementor-id=\"24884\" class=\"elementor elementor-24884 elementor-24883\" data-elementor-post-type=\"page\">\n\t\t\t\t<div class=\"elementor-element elementor-element-62bf200f e-con-full e-flex e-con e-parent\" data-id=\"62bf200f\" data-element_type=\"container\" data-e-type=\"container\">\n\t\t<div class=\"elementor-element elementor-element-2273fb61 e-con-full e-flex e-con e-child\" data-id=\"2273fb61\" data-element_type=\"container\" data-e-type=\"container\" data-settings=\"{&quot;background_background&quot;:&quot;classic&quot;}\">\n\t\t\t\t<\/div>\n\t\t<div class=\"elementor-element elementor-element-3745353 e-flex e-con-boxed e-con e-child\" data-id=\"3745353\" data-element_type=\"container\" data-e-type=\"container\">\n\t\t\t\t\t<div class=\"e-con-inner\">\n\t\t<div class=\"elementor-element elementor-element-34215a0 e-flex e-con-boxed e-con e-child\" data-id=\"34215a0\" data-element_type=\"container\" data-e-type=\"container\">\n\t\t\t\t\t<div class=\"e-con-inner\">\n\t\t\t\t<div class=\"elementor-element elementor-element-64d1467c elementor-widget elementor-widget-jet-breadcrumbs\" data-id=\"64d1467c\" data-element_type=\"widget\" data-e-type=\"widget\" data-widget_type=\"jet-breadcrumbs.default\">\n\t\t\t\t<div class=\"elementor-widget-container\">\n\t\t\t\t\t<div class=\"elementor-jet-breadcrumbs jet-blocks\">\n\t\t<div class=\"jet-breadcrumbs\">\n\t\t<div class=\"jet-breadcrumbs__content\">\n\t\t<div class=\"jet-breadcrumbs__wrap\"><div class=\"jet-breadcrumbs__item\"><a href=\"https:\/\/vorlage.bi.glpch2.dev\/fr\/\" class=\"jet-breadcrumbs__item-link is-home\" rel=\"home\" title=\"\">  <\/a><\/div>\n\t\t<\/div>\n\t\t<\/div>\n\t\t<\/div><\/div>\t\t\t\t<\/div>\n\t\t\t\t<\/div>\n\t\t\t\t\t<\/div>\n\t\t\t\t<\/div>\n\t\t<div class=\"elementor-element elementor-element-7b207c48 e-con-full e-flex e-con e-child\" data-id=\"7b207c48\" data-element_type=\"container\" data-e-type=\"container\">\n\t\t<div class=\"elementor-element elementor-element-36f6938 e-con-full e-flex e-con e-child\" data-id=\"36f6938\" data-element_type=\"container\" data-e-type=\"container\">\n\t\t\t\t<div class=\"elementor-element elementor-element-28be8f32 elementor-widget elementor-widget-heading\" data-id=\"28be8f32\" data-element_type=\"widget\" data-e-type=\"widget\" data-widget_type=\"heading.default\">\n\t\t\t\t<div class=\"elementor-widget-container\">\n\t\t\t\t\t<h2 class=\"elementor-heading-title elementor-size-default\">Politique<\/h2>\t\t\t\t<\/div>\n\t\t\t\t<\/div>\n\t\t\t\t<\/div>\n\t\t<div class=\"elementor-element elementor-element-62421e8b e-con-full e-flex e-con e-child\" data-id=\"62421e8b\" data-element_type=\"container\" data-e-type=\"container\">\n\t\t\t\t<div class=\"elementor-element elementor-element-132015a9 elementor-widget elementor-widget-heading\" data-id=\"132015a9\" data-element_type=\"widget\" data-e-type=\"widget\" data-widget_type=\"heading.default\">\n\t\t\t\t<div class=\"elementor-widget-container\">\n\t\t\t\t\t<h1 class=\"elementor-heading-title elementor-size-default\">Nos th\u00e8mes<\/h1>\t\t\t\t<\/div>\n\t\t\t\t<\/div>\n\t\t\t\t<div class=\"elementor-element elementor-element-158d05bb elementor-hidden-mobile elementor-widget elementor-widget-heading\" data-id=\"158d05bb\" data-element_type=\"widget\" data-e-type=\"widget\" data-widget_type=\"heading.default\">\n\t\t\t\t<div class=\"elementor-widget-container\">\n\t\t\t\t\t<h2 class=\"elementor-heading-title elementor-size-default\">Nous nous engageons pour cela<\/h2>\t\t\t\t<\/div>\n\t\t\t\t<\/div>\n\t\t\t\t<div class=\"elementor-element elementor-element-6a648371 elementor-widget elementor-widget-spacer\" data-id=\"6a648371\" data-element_type=\"widget\" data-e-type=\"widget\" data-widget_type=\"spacer.default\">\n\t\t\t\t<div class=\"elementor-widget-container\">\n\t\t\t\t\t\t\t<div class=\"elementor-spacer\">\n\t\t\t<div class=\"elementor-spacer-inner\"><\/div>\n\t\t<\/div>\n\t\t\t\t\t\t<\/div>\n\t\t\t\t<\/div>\n\t\t\t\t<div class=\"elementor-element elementor-element-50167e9e elementor-widget elementor-widget-text-editor\" data-id=\"50167e9e\" data-element_type=\"widget\" data-e-type=\"widget\" data-widget_type=\"text-editor.default\">\n\t\t\t\t<div class=\"elementor-widget-container\">\n\t\t\t\t\t\t\t\t\t<div class=\"text component\">\n<div class=\"text\">\n<p>Avec une tr\u00e8s belle description<\/p>\n<\/div>\n<\/div>\n\t\t\t\t\t\t\t\t<\/div>\n\t\t\t\t<\/div>\n\t\t\t\t<\/div>\n\t\t\t\t<\/div>\n\t\t\t\t\t<\/div>\n\t\t\t\t<\/div>\n\t\t\t\t<\/div>\n\t\t<div class=\"elementor-element elementor-element-356c72e5 e-flex e-con-boxed e-con e-parent\" data-id=\"356c72e5\" data-element_type=\"container\" data-e-type=\"container\">\n\t\t\t\t\t<div class=\"e-con-inner\">\n\t\t<div class=\"elementor-element elementor-element-39dc77c5 e-con-full e-flex e-con e-child\" data-id=\"39dc77c5\" data-element_type=\"container\" data-e-type=\"container\">\n\t\t<div class=\"elementor-element elementor-element-1536224 e-con-full elementor-hidden-tablet elementor-hidden-mobile e-flex e-con e-child\" data-id=\"1536224\" data-element_type=\"container\" data-e-type=\"container\">\n\t\t\t\t<\/div>\n\t\t<div class=\"elementor-element elementor-element-7706b763 e-con-full e-flex e-con e-child\" data-id=\"7706b763\" data-element_type=\"container\" data-e-type=\"container\">\n\t\t\t\t<div class=\"elementor-element elementor-element-3e819b27 elementor-widget__width-inherit elementor-widget elementor-widget-heading\" data-id=\"3e819b27\" data-element_type=\"widget\" data-e-type=\"widget\" data-widget_type=\"heading.default\">\n\t\t\t\t<div class=\"elementor-widget-container\">\n\t\t\t\t\t<h2 class=\"elementor-heading-title elementor-size-default\">Libre choix du mod\u00e8le de vie<\/h2>\t\t\t\t<\/div>\n\t\t\t\t<\/div>\n\t\t\t\t<div class=\"elementor-element elementor-element-23c49cdc elementor-widget elementor-widget-text-editor\" data-id=\"23c49cdc\" data-element_type=\"widget\" data-e-type=\"widget\" data-widget_type=\"text-editor.default\">\n\t\t\t\t<div class=\"elementor-widget-container\">\n\t\t\t\t\t\t\t\t\t<p>La Suisse accorde \u00e0 la libert\u00e9 individuelle une grande importance. L&rsquo;\u00c9tat ne peut pas dicter \u00e0 la population la mani\u00e8re dont elle doit vivre, mais se comporter de mani\u00e8re neutre vis-\u00e0-vis des diff\u00e9rents mod\u00e8les de vie. Les discriminations de toutes sortes n&rsquo;ont pas leur place dans notre soci\u00e9t\u00e9 et l&rsquo;\u00e9galit\u00e9 des chances et des genres doit \u00eatre garantie. Par exemple, les imp\u00f4ts sur le deuxi\u00e8me revenu d\u2019un couple p\u00e8sent grandement sur le budget suppl\u00e9mentaire du m\u00e9nage. L&rsquo;imposition individuelle peut supprimer cette mauvaise incitation.<\/p>\n\t\t\t\t\t\t\t\t<\/div>\n\t\t\t\t<\/div>\n\t\t\t\t<div class=\"elementor-element elementor-element-5c00949d elementor-widget__width-inherit elementor-widget elementor-widget-spacer\" data-id=\"5c00949d\" data-element_type=\"widget\" data-e-type=\"widget\" data-widget_type=\"spacer.default\">\n\t\t\t\t<div class=\"elementor-widget-container\">\n\t\t\t\t\t\t\t<div class=\"elementor-spacer\">\n\t\t\t<div class=\"elementor-spacer-inner\"><\/div>\n\t\t<\/div>\n\t\t\t\t\t\t<\/div>\n\t\t\t\t<\/div>\n\t\t<div class=\"elementor-element elementor-element-6ca0dbcd e-con-full e-flex e-con e-child\" data-id=\"6ca0dbcd\" data-element_type=\"container\" data-e-type=\"container\">\n\t\t\t\t<div class=\"elementor-element elementor-element-7490256e elementor-mobile-align-justify elementor-align-justify elementor-widget elementor-widget-button\" data-id=\"7490256e\" data-element_type=\"widget\" data-e-type=\"widget\" data-widget_type=\"button.default\">\n\t\t\t\t<div class=\"elementor-widget-container\">\n\t\t\t\t\t\t\t\t\t<div class=\"elementor-button-wrapper\">\n\t\t\t\t\t<a class=\"elementor-button elementor-button-link elementor-size-sm\" href=\"https:\/\/bi.glpch2.dev\/wp-content\/uploads\/sites\/2\/2024\/09\/Document-strategique-Pour-une-societe-moderne.pdf\" target=\"_blank\">\n\t\t\t\t\t\t<span class=\"elementor-button-content-wrapper\">\n\t\t\t\t\t\t<span class=\"elementor-button-icon\">\n\t\t\t\t<svg xmlns=\"http:\/\/www.w3.org\/2000\/svg\" xmlns:xlink=\"http:\/\/www.w3.org\/1999\/xlink\" xmlns:serif=\"http:\/\/www.serif.com\/\" width=\"100%\" height=\"100%\" viewBox=\"0 0 17 17\" xml:space=\"preserve\" style=\"fill-rule:evenodd;clip-rule:evenodd;stroke-linejoin:round;stroke-miterlimit:2;\"><path d=\"M8.13,15.22l0,-10.634c0,-0.034 0.028,-0.062 0.062,-0.062l0.616,0c0.034,0 0.062,0.028 0.062,0.062l-0,10.635l3.732,-4.507c0.011,-0.012 0.026,-0.02 0.042,-0.022c0.016,-0.001 0.033,0.004 0.045,0.014l0.471,0.398c0.026,0.022 0.029,0.06 0.008,0.086l-4.608,5.544c-0.011,0.015 -0.029,0.023 -0.047,0.023c-0.018,-0 -0.036,-0.008 -0.047,-0.022l-4.633,-5.545c-0.022,-0.026 -0.019,-0.064 0.007,-0.086l0.471,-0.397c0.013,-0.011 0.029,-0.016 0.046,-0.014c0.016,0.001 0.031,0.009 0.042,0.022l3.731,4.505Z\"><\/path><\/svg>\t\t\t<\/span>\n\t\t\t\t\t\t\t\t\t<span class=\"elementor-button-text\">Document compl\u00e9mentaire<\/span>\n\t\t\t\t\t<\/span>\n\t\t\t\t\t<\/a>\n\t\t\t\t<\/div>\n\t\t\t\t\t\t\t\t<\/div>\n\t\t\t\t<\/div>\n\t\t\t\t<\/div>\n\t\t\t\t<\/div>\n\t\t\t\t<\/div>\n\t\t\t\t\t<\/div>\n\t\t\t\t<\/div>\n\t\t<div class=\"elementor-element elementor-element-f373c81 e-flex e-con-boxed e-con e-parent\" data-id=\"f373c81\" data-element_type=\"container\" data-e-type=\"container\">\n\t\t\t\t\t<div class=\"e-con-inner\">\n\t\t<div class=\"elementor-element elementor-element-9dd57f0 e-con-full e-flex e-con e-child\" data-id=\"9dd57f0\" data-element_type=\"container\" data-e-type=\"container\">\n\t\t<div class=\"elementor-element elementor-element-358a853 e-con-full elementor-hidden-tablet elementor-hidden-mobile e-flex e-con e-child\" data-id=\"358a853\" data-element_type=\"container\" data-e-type=\"container\">\n\t\t\t\t<\/div>\n\t\t<div class=\"elementor-element elementor-element-19c79a9 e-con-full e-flex e-con e-child\" data-id=\"19c79a9\" data-element_type=\"container\" data-e-type=\"container\">\n\t\t\t\t<div class=\"elementor-element elementor-element-879a7f5 elementor-widget__width-inherit elementor-widget elementor-widget-heading\" data-id=\"879a7f5\" data-element_type=\"widget\" data-e-type=\"widget\" data-widget_type=\"heading.default\">\n\t\t\t\t<div class=\"elementor-widget-container\">\n\t\t\t\t\t<h2 class=\"elementor-heading-title elementor-size-default\">Enfin un cong\u00e9 parental<\/h2>\t\t\t\t<\/div>\n\t\t\t\t<\/div>\n\t\t\t\t<div class=\"elementor-element elementor-element-f66332b elementor-widget elementor-widget-text-editor\" data-id=\"f66332b\" data-element_type=\"widget\" data-e-type=\"widget\" data-widget_type=\"text-editor.default\">\n\t\t\t\t<div class=\"elementor-widget-container\">\n\t\t\t\t\t\t\t\t\t<p>L\u2019image de la m\u00e8re restant \u00e0 la maison et du p\u00e8re allant travailler n&rsquo;est pas adapt\u00e9e \u00e0 notre \u00e9poque. La r\u00e9glementation actuelle pr\u00e9voit toutefois que ce sont les m\u00e8res qui doivent interrompre leur carri\u00e8re professionnelle \u00e0 la naissance d\u2019un enfant. Notre \u00e9conomie perd une main-d&rsquo;\u0153uvre pr\u00e9cieuse et ceci repr\u00e9sente l&rsquo;une des principales causes de la discrimination des femmes dans la vie professionnelle. Au lieu des cong\u00e9s maternit\u00e9 et paternit\u00e9, nous voulons un cong\u00e9 parental paritaire pour les deux parents, pour autant qu&rsquo;ils travaillent.<\/p>\n\t\t\t\t\t\t\t\t<\/div>\n\t\t\t\t<\/div>\n\t\t\t\t<\/div>\n\t\t\t\t<\/div>\n\t\t\t\t\t<\/div>\n\t\t\t\t<\/div>\n\t\t<div class=\"elementor-element elementor-element-15eb6a3 e-flex e-con-boxed e-con e-child\" data-id=\"15eb6a3\" data-element_type=\"container\" data-e-type=\"container\">\n\t\t\t\t\t<div class=\"e-con-inner\">\n\t\t<div class=\"elementor-element elementor-element-632f0fd1 e-con-full e-flex e-con e-child\" data-id=\"632f0fd1\" data-element_type=\"container\" data-e-type=\"container\">\n\t\t<div class=\"elementor-element elementor-element-730cea26 e-con-full elementor-hidden-tablet elementor-hidden-mobile e-flex e-con e-child\" data-id=\"730cea26\" data-element_type=\"container\" data-e-type=\"container\">\n\t\t\t\t<\/div>\n\t\t<div class=\"elementor-element elementor-element-13901707 e-con-full e-flex e-con e-child\" data-id=\"13901707\" data-element_type=\"container\" data-e-type=\"container\">\n\t\t<div class=\"elementor-element elementor-element-2da8ae84 e-con-full e-flex e-con e-child\" data-id=\"2da8ae84\" data-element_type=\"container\" data-e-type=\"container\">\n\t\t\t\t<div class=\"elementor-element elementor-element-75674196 elementor-widget elementor-widget-image\" data-id=\"75674196\" data-element_type=\"widget\" data-e-type=\"widget\" data-widget_type=\"image.default\">\n\t\t\t\t<div class=\"elementor-widget-container\">\n\t\t\t\t\t\t\t\t\t\t\t\t\t\t\t<img fetchpriority=\"high\" decoding=\"async\" width=\"1500\" height=\"991\" src=\"https:\/\/vorlage.bi.glpch2.dev\/wp-content\/uploads\/sites\/2\/2024\/09\/Standardbild.png\" class=\"attachment-full size-full wp-image-16798\" alt=\"\" srcset=\"https:\/\/vorlage.bi.glpch2.dev\/wp-content\/uploads\/sites\/2\/2024\/09\/Standardbild.png 1500w, https:\/\/vorlage.bi.glpch2.dev\/wp-content\/uploads\/sites\/2\/2024\/09\/Standardbild-300x198.png 300w, https:\/\/vorlage.bi.glpch2.dev\/wp-content\/uploads\/sites\/2\/2024\/09\/Standardbild-1024x677.png 1024w, https:\/\/vorlage.bi.glpch2.dev\/wp-content\/uploads\/sites\/2\/2024\/09\/Standardbild-768x507.png 768w\" sizes=\"(max-width: 1500px) 100vw, 1500px\" \/>\t\t\t\t\t\t\t\t\t\t\t\t\t\t\t<\/div>\n\t\t\t\t<\/div>\n\t\t\t\t<\/div>\n\t\t\t\t<\/div>\n\t\t\t\t<\/div>\n\t\t\t\t\t<\/div>\n\t\t\t\t<\/div>\n\t\t\t\t<\/div>\n\t\t","protected":false},"excerpt":{"rendered":"<p>Politique Nos th\u00e8mes Nous nous engageons pour cela Avec une tr\u00e8s belle description Libre choix du mod\u00e8le de vie La Suisse accorde \u00e0 la libert\u00e9 individuelle une grande importance. L&rsquo;\u00c9tat ne peut pas dicter \u00e0 la population la mani\u00e8re dont elle doit vivre, mais se comporter de mani\u00e8re neutre vis-\u00e0-vis des diff\u00e9rents mod\u00e8les de vie. [&hellip;]<\/p>\n","protected":false},"author":1,"featured_media":0,"parent":24877,"menu_order":0,"comment_status":"closed","ping_status":"closed","template":"","meta":{"footnotes":""},"class_list":["post-24884","page","type-page","status-publish","hentry"],"_links":{"self":[{"href":"https:\/\/vorlage.bi.glpch2.dev\/fr\/wp-json\/wp\/v2\/pages\/24884","targetHints":{"allow":["GET"]}}],"collection":[{"href":"https:\/\/vorlage.bi.glpch2.dev\/fr\/wp-json\/wp\/v2\/pages"}],"about":[{"href":"https:\/\/vorlage.bi.glpch2.dev\/fr\/wp-json\/wp\/v2\/types\/page"}],"author":[{"embeddable":true,"href":"https:\/\/vorlage.bi.glpch2.dev\/fr\/wp-json\/wp\/v2\/users\/1"}],"replies":[{"embeddable":true,"href":"https:\/\/vorlage.bi.glpch2.dev\/fr\/wp-json\/wp\/v2\/comments?post=24884"}],"version-history":[{"count":0,"href":"https:\/\/vorlage.bi.glpch2.dev\/fr\/wp-json\/wp\/v2\/pages\/24884\/revisions"}],"up":[{"embeddable":true,"href":"https:\/\/vorlage.bi.glpch2.dev\/fr\/wp-json\/wp\/v2\/pages\/24877"}],"wp:attachment":[{"href":"https:\/\/vorlage.bi.glpch2.dev\/fr\/wp-json\/wp\/v2\/media?parent=24884"}],"curies":[{"name":"wp","href":"https:\/\/api.w.org\/{rel}","templated":true}]}}